{"id":1408,"date":"2024-09-03T12:54:53","date_gmt":"2024-09-03T12:54:53","guid":{"rendered":"https:\/\/gunce.bootests.com\/platform\/"},"modified":"2026-04-11T09:26:51","modified_gmt":"2026-04-11T09:26:51","slug":"platform","status":"publish","type":"page","link":"https:\/\/www.gunce.com\/en\/platform\/","title":{"rendered":"Platform"},"content":{"rendered":"<div class=\"wpb-content-wrapper\"><p>[vc_row full_width=&#8221;stretch_row_content_no_spaces&#8221;][vc_column]   \r\n\r\n\r\n\t    <section>\r\n        <div class=\"gn-blog-detail-hero-wrapper platform\">\r\n            <div class=\"container\">\r\n                <div class=\"custom-container section-container\">\r\n                    <div class=\"gn-platform-hero \">\r\n                        <h1 data-aos=\"fade-right\" data-aos-delay=\"300\" data-aos-easing=\"ease\">\r\n                            All solutions that will add value to your office are on one platform!\r\n                        <\/h1>\r\n                        <p data-aos=\"fade-right\" data-aos-delay=\"350\" data-aos-easing=\"ease\">\r\n                            Try the Technology of the Future Now\r\n                        <\/p>\r\n                       <a href=\"https:\/\/app.gunce.com\/Licence\/InsertDemoCustomer\" class=\"btn btn-gn-primary btn-hero\"\r\n\t\t\t\tdata-aos=\"fade-right\" data-aos-delay=\"450\" data-aos-easing=\"ease\">\r\n\t\t\t\tTry For Free\r\n\t\t\t\t<\/a>\r\n                    <\/div>\r\n                    <img decoding=\"async\" src=\"https:\/\/www.gunce.com\/wp-content\/uploads\/platform-background-2.jpg\" alt=\"\" class=\"hero-bg-img\">\r\n                <\/div>\r\n            <\/div>\r\n        <\/div>\r\n    <\/section>\r\n\t  \r\n    \r\n    <section>\r\n        <div class=\"section-wrapper\">\r\n            <div class=\"container\">\r\n                <div class=\"custom-container section-container\">\r\n                    <div class=\"gn-platform-overview\">\r\n                        <div class=\"gn-platform-overview-top \">\r\n                            <h3 data-aos=\"fade-up\" data-aos-delay=\"250\" data-aos-easing=\"ease\">\r\n                               Transform Your Office with G\u00dcNCE.\r\n                            <\/h3>\r\n                            <p data-aos=\"fade-up\" data-aos-delay=\"300\" data-aos-easing=\"ease\">\r\n                              Free up time for practicing law by managing all business processes in your office from a single platform.\r\n                            <\/p>\r\n                        <\/div>\r\n                        <div class=\"gn-platform-overview-main\">\r\n                            <div class=\"left\" data-aos=\"fade-right\" data-aos-delay=\"300\" data-aos-easing=\"ease\">\r\n                               \r\n                                <strong>Manage All Your Work from a Single Platform<\/strong><br \/>\nManage your legal and office tasks without the need to connect to different systems such as UYAP, PTT UETS, and KEP.<\/p>\n<p><strong>Simplify Your Work with Artificial Intelligence<\/strong><br \/>\nAutomate time-consuming tasks like data entry using Artificial Intelligence, and dedicate more time to your clients.<\/p>\n<p><strong>Create a Collaborative Workspace in Your Office<\/strong><br \/>\nCentralize all your firm\u2019s information with G\u00dcNCE and create an environment suitable for collaboration.<\/p>\n<p><strong>Access from Anywhere<\/strong><br \/>\nWith the cloud-based G\u00dcNCE application, access all your business process needs at any time.<\/p>\n<p><strong>Easily Manage Your Institutionalization Journey<\/strong><br \/>\nAccelerate your growth and institutionalization with G\u00dcNCE&#8217;s proven processes.\r\n                            <\/div>\r\n                            <div class=\"right\" data-aos=\"fade-left\" data-aos-delay=\"300\" data-aos-easing=\"ease\">\r\n                                <img decoding=\"async\" src=\"https:\/\/www.gunce.com\/wp-content\/uploads\/platform-image-1.svg\" alt=\"\">\r\n                            <\/div>\r\n                        <\/div>\r\n                    <\/div>\r\n                <\/div>\r\n            <\/div>\r\n        <\/div>\r\n    <\/section>\r\n\r\n\t\t\r\n\t[\/vc_column][\/vc_row][vc_row full_width=&#8221;stretch_row_content_no_spaces&#8221;][vc_column]  <section>\r\n\t\t\t<div class=\"section-wrapper section-bg\">\r\n\t\t\t\t<div class=\"container\">\r\n\t\t\t\t\t<div class=\"custom-container section-container\">\r\n\t\t\t\t\t\t<div class=\"gn-platform-overview gn-platform-redirections\">\r\n       <div class=\"gn-platform-overview-top gn-platform-redirections-top \">\r\n                            <h3 data-aos=\"fade-up\" data-aos-delay=\"250\" data-aos-easing=\"ease\">\r\n                               How can I institutionalize my office with G\u00dcNCE?\r\n                            <\/h3>\r\n                            <p data-aos=\"fade-up\" data-aos-delay=\"300\" data-aos-easing=\"ease\">\r\n                                All the solutions you will need in your office's institutionalization journey are in G\u00dcNCE, step by step!\r\n                            <\/p>\r\n                        <\/div>\r\n                        \t\t<\/div>\r\n\t\t\t\t\t<\/div>\r\n\t\t\t\t<\/div>\r\n\t\t\t<\/div>\r\n\t\t<\/section>\r\n\t\r\n\t\t<section>\r\n\t\t\t<div class=\"section-wrapper section-bg feature_section\">\r\n\t\t\t\t<div class=\"container\">\r\n\t\t\t\t\t<div class=\"custom-container section-container\">\r\n\t\t\t\t\t\t<div class=\"gn-platform-overview gn-platform-redirections\">\r\n\t\t\t\t\t\t\t\r\n\t\t\t\t\t\t\t<div class=\"gn-platform-redirections-main\">\r\n\t\t\t\t\t\t\t\t<div class=\"feature-card\">\r\n\t\t\t<div class=\"feature-card-left\" data-aos=\"fade-right\" data-aos-delay=\"300\" data-aos-easing=\"ease\">\r\n\t\t\t\t<div class=\"number\">1<\/div>\r\n\t\t\t\t<div class=\"content\">\r\n\t\t\t\t\t<div class=\"title\">Office<\/div>\r\n\t\t\t\t\t<div class=\"desc\"><\/p>\n<p id=\"tw-target-text\" class=\"tw-data-text tw-text-large tw-ta\" dir=\"ltr\" data-placeholder=\"Translation\" data-ved=\"2ahUKEwi2ipri0s6IAxXqRPEDHTCMK9QQ3ewLegQIBhAU\" aria-label=\"Translated text: Record your organization with all its data, manage annual leave and performance.\"><span class=\"Y2IQFc\" lang=\"en\">Record your organization with all its data, manage annual leave and performance.<\/span><\/p>\n<ul>\n<li><a href=\"https:\/\/gunce.bootests.com\/platform\/buromuz\/\">Office<\/a><\/li>\n<li><a href=\"https:\/\/gunce.bootests.com\/platform\/performans-yonetimi\/\">Performance Management<\/a><\/li>\n<\/ul>\n<p><\/div>\r\n\t\t\t\t<\/div>\r\n\t\t\t<\/div>\r\n\t\t\t<div class=\"feature-card-right\" data-aos=\"fade-left\" data-aos-delay=\"300\" data-aos-easing=\"ease\">\r\n\t\t\t\t<img decoding=\"async\" src=\"https:\/\/www.gunce.com\/wp-content\/uploads\/calisanlar-image-1.svg\" alt=\"\">\r\n\t\t\t<\/div>\r\n\t\t<\/div>\r\n\t\t\t\t\t\t\t<\/div>\r\n\t\t\t\t\t\t<\/div>\r\n\t\t\t\t\t<\/div>\r\n\t\t\t\t<\/div>\r\n\t\t\t<\/div>\r\n\t\t<\/section>\r\n\t\r\n\t\t<section>\r\n\t\t\t<div class=\"section-wrapper section-bg feature_section\">\r\n\t\t\t\t<div class=\"container\">\r\n\t\t\t\t\t<div class=\"custom-container section-container\">\r\n\t\t\t\t\t\t<div class=\"gn-platform-overview gn-platform-redirections\">\r\n\t\t\t\t\t\t\t\r\n\t\t\t\t\t\t\t<div class=\"gn-platform-redirections-main\">\r\n\t\t\t\t\t\t\t\t<div class=\"feature-card reverse featured-card-reverse\">\r\n\t\t\t<div class=\"feature-card-left\" data-aos=\"fade-right\" data-aos-delay=\"300\" data-aos-easing=\"ease\">\r\n\t\t\t\t<div class=\"number\">2<\/div>\r\n\t\t\t\t<div class=\"content\">\r\n\t\t\t\t\t<div class=\"title\">Business Development<\/div>\r\n\t\t\t\t\t<div class=\"desc\"><\/p>\n<p id=\"tw-target-text\" class=\"tw-data-text tw-text-large tw-ta\" dir=\"ltr\" data-placeholder=\"Translation\" data-ved=\"2ahUKEwi2ipri0s6IAxXqRPEDHTCMK9QQ3ewLegQIBhAU\" aria-label=\"Translated text: Create a common memory by gathering all the contacts of the office in one place, manage growth by recording business development activities.\"><span class=\"Y2IQFc\" lang=\"en\">Create a common memory by gathering all the contacts of the office in one place, manage growth by recording business development activities.<\/span><\/p>\n<ul>\n<li><a href=\"https:\/\/gunce.bootests.com\/iletisim\/\">More Information<\/a><\/li>\n<li><a href=\"https:\/\/app.gunce.com\/Licence\/InsertDemoCustomer\" target=\"_blank\" rel=\"noopener\">Try for Free<\/a><\/li>\n<\/ul>\n<p><\/div>\r\n\t\t\t\t<\/div>\r\n\t\t\t<\/div>\r\n\t\t\t<div class=\"feature-card-right\" data-aos=\"fade-left\" data-aos-delay=\"300\" data-aos-easing=\"ease\">\r\n\t\t\t\t<img decoding=\"async\" src=\"https:\/\/www.gunce.com\/wp-content\/uploads\/is-gelistirme-image-1-1.svg\" alt=\"\">\r\n\t\t\t<\/div>\r\n\t\t<\/div>\r\n\t\t\t\t\t\t\t<\/div>\r\n\t\t\t\t\t\t<\/div>\r\n\t\t\t\t\t<\/div>\r\n\t\t\t\t<\/div>\r\n\t\t\t<\/div>\r\n\t\t<\/section>\r\n\t\r\n\t\t<section>\r\n\t\t\t<div class=\"section-wrapper section-bg feature_section\">\r\n\t\t\t\t<div class=\"container\">\r\n\t\t\t\t\t<div class=\"custom-container section-container\">\r\n\t\t\t\t\t\t<div class=\"gn-platform-overview gn-platform-redirections\">\r\n\t\t\t\t\t\t\t\r\n\t\t\t\t\t\t\t<div class=\"gn-platform-redirections-main\">\r\n\t\t\t\t\t\t\t\t<div class=\"feature-card\">\r\n\t\t\t<div class=\"feature-card-left\" data-aos=\"fade-right\" data-aos-delay=\"300\" data-aos-easing=\"ease\">\r\n\t\t\t\t<div class=\"number\">3<\/div>\r\n\t\t\t\t<div class=\"content\">\r\n\t\t\t\t\t<div class=\"title\">Jobs &amp; Tasks<\/div>\r\n\t\t\t\t\t<div class=\"desc\">Use G\u00dcNCE to manage your daily work from a single platform, facilitate collaboration, keep track of your work tightly and provide the best service to your clients.<\/p>\n<ul>\n<li><a href=\"https:\/\/gunce.bootests.com\/platform\/iliskilerimiz\/\">Our Relations<\/a><\/li>\n<li><a href=\"https:\/\/gunce.bootests.com\/platform\/evraklarimiz\/\">Our Documents<\/a><\/li>\n<li><a href=\"https:\/\/gunce.bootests.com\/platform\/entegrasyonlarimiz\/\">Our Entegrations<\/a><\/li>\n<li><a href=\"https:\/\/gunce.bootests.com\/platform\/raporlama\/\">Report<\/a><\/li>\n<li><a href=\"https:\/\/gunce.bootests.com\/platform\/literatur-ve-ictihat-arama\/\">Literature and Jurisprudence Review\u00a0<\/a><\/li>\n<\/ul>\n<p><\/div>\r\n\t\t\t\t<\/div>\r\n\t\t\t<\/div>\r\n\t\t\t<div class=\"feature-card-right\" data-aos=\"fade-left\" data-aos-delay=\"300\" data-aos-easing=\"ease\">\r\n\t\t\t\t<img decoding=\"async\" src=\"https:\/\/www.gunce.com\/wp-content\/uploads\/isler-gorevler-image-1.svg\" alt=\"\">\r\n\t\t\t<\/div>\r\n\t\t<\/div>\r\n\t\t\t\t\t\t\t<\/div>\r\n\t\t\t\t\t\t<\/div>\r\n\t\t\t\t\t<\/div>\r\n\t\t\t\t<\/div>\r\n\t\t\t<\/div>\r\n\t\t<\/section>\r\n\t\r\n\t\t<section>\r\n\t\t\t<div class=\"section-wrapper section-bg feature_section\">\r\n\t\t\t\t<div class=\"container\">\r\n\t\t\t\t\t<div class=\"custom-container section-container\">\r\n\t\t\t\t\t\t<div class=\"gn-platform-overview gn-platform-redirections\">\r\n\t\t\t\t\t\t\t\r\n\t\t\t\t\t\t\t<div class=\"gn-platform-redirections-main\">\r\n\t\t\t\t\t\t\t\t<div class=\"feature-card reverse featured-card-reverse\">\r\n\t\t\t<div class=\"feature-card-left\" data-aos=\"fade-right\" data-aos-delay=\"300\" data-aos-easing=\"ease\">\r\n\t\t\t\t<div class=\"number\">4<\/div>\r\n\t\t\t\t<div class=\"content\">\r\n\t\t\t\t\t<div class=\"title\">Finance and Accounting<\/div>\r\n\t\t\t\t\t<div class=\"desc\">Easily record, report and manage all your advances, earnings and expenses. Ensure unity and growth by distributing income within the office correctly.<\/p>\n<ul>\n<li><a href=\"https:\/\/gunce.bootests.com\/platform\/finans\/\">Finance<\/a><\/li>\n<li><a href=\"https:\/\/gunce.bootests.com\/platform\/on-muhasebe\/\">Pre &#8211; Accounting<\/a><\/li>\n<li><a href=\"https:\/\/gunce.bootests.com\/platform\/raporlama\/\">Reporting<\/a><\/li>\n<\/ul>\n<p><\/div>\r\n\t\t\t\t<\/div>\r\n\t\t\t<\/div>\r\n\t\t\t<div class=\"feature-card-right\" data-aos=\"fade-left\" data-aos-delay=\"300\" data-aos-easing=\"ease\">\r\n\t\t\t\t<img decoding=\"async\" src=\"https:\/\/www.gunce.com\/wp-content\/uploads\/finans-muhasebe-image-1.svg\" alt=\"\">\r\n\t\t\t<\/div>\r\n\t\t<\/div>\r\n\t\t\t\t\t\t\t<\/div>\r\n\t\t\t\t\t\t<\/div>\r\n\t\t\t\t\t<\/div>\r\n\t\t\t\t<\/div>\r\n\t\t\t<\/div>\r\n\t\t<\/section>\r\n\t[\/vc_column][\/vc_row][vc_row][vc_column]  \r\n\r\n\t      <section>\r\n        <div class=\"section-wrapper\">\r\n            <div class=\"container\">\r\n                <div class=\"custom-container section-container\">\r\n                    <div class=\"gn-platform-features \">\r\n                        <h3 data-aos=\"fade-up\" data-aos-delay=\"300\" data-aos-easing=\"ease\">\r\n                          G\u00dcNCE Offers a Reliable, Fast and Easy System Using the Most Current Technologies\r\n                        <\/h3>\r\n                        <div class=\"platform-features-cards \" data-aos=\"fade-up\" data-aos-delay=\"400\"\r\n                            data-aos-easing=\"ease\">\r\n                            \r\n\r\n\t\t\t\t\r\n\r\n\t\t\t\t\t\t\t\t<div class=\"platform-features-cards-card\">\r\n                                <div class=\"icon\">\r\n                                    <img decoding=\"async\" src=\"https:\/\/www.gunce.com\/wp-content\/uploads\/sunucu-ve-veri-guvenligi-icon.svg\" alt=\"\">\r\n                                <\/div>\r\n                                <div class=\"title\">\r\n                                       Server and Data Security\r\n                                <\/div>\r\n                                <div class=\"desc\">\r\n                                     Your data is protected in an ISO27001 certified center and is constantly checked with penetration tests carried out by reliable organizations.\r\n                                <\/div>\r\n                            <\/div>\r\n                              \r\n\t\t\t  \r\n\r\n\t\t\t\t\r\n\r\n\t\t\t\t\t\t\t\t<div class=\"platform-features-cards-card\">\r\n                                <div class=\"icon\">\r\n                                    <img decoding=\"async\" src=\"https:\/\/www.gunce.com\/wp-content\/uploads\/yuksek-performans-icon.svg\" alt=\"\">\r\n                                <\/div>\r\n                                <div class=\"title\">\r\n                                      High Performance\r\n                                <\/div>\r\n                                <div class=\"desc\">\r\n                                     With its architecture built for high traffic, automatic capacity increase is provided during busy periods and there is no performance loss.\r\n                                <\/div>\r\n                            <\/div>\r\n                              \r\n\t\t\t  \r\n\r\n\t\t\t\t\r\n\r\n\t\t\t\t\t\t\t\t<div class=\"platform-features-cards-card\">\r\n                                <div class=\"icon\">\r\n                                    <img decoding=\"async\" src=\"https:\/\/www.gunce.com\/wp-content\/uploads\/yapay-zeka-destegi-icon.svg\" alt=\"\">\r\n                                <\/div>\r\n                                <div class=\"title\">\r\n                                      Artificial Intelligence Support\r\n                                <\/div>\r\n                                <div class=\"desc\">\r\n                                     G\u00dcNCE makes your job easier thanks to the artificial intelligence models embedded in the system used in data entry and long text analysis.\r\n                                <\/div>\r\n                            <\/div>\r\n                              \r\n\t\t\t  \r\n\r\n\t\t\t\t\r\n\r\n\t\t\t\t\t\t\t\t<div class=\"platform-features-cards-card\">\r\n                                <div class=\"icon\">\r\n                                    <img decoding=\"async\" src=\"https:\/\/www.gunce.com\/wp-content\/uploads\/7-24-takip-icon.svg\" alt=\"\">\r\n                                <\/div>\r\n                                <div class=\"title\">\r\n                                      24\/7 Track\r\n                                <\/div>\r\n                                <div class=\"desc\">\r\n                                     The entire system is monitored 24\/7, and thanks to the established alarm mechanisms, backup systems are automatically activated and outages are prevented.\r\n                                <\/div>\r\n                            <\/div>\r\n                              \r\n\t\t\t  \r\n\r\n\t\t\t\t\r\n\r\n\t\t\t\t\t\t\t\t<div class=\"platform-features-cards-card\">\r\n                                <div class=\"icon\">\r\n                                    <img decoding=\"async\" src=\"https:\/\/www.gunce.com\/wp-content\/uploads\/yedekli-sistem-icon.svg\" alt=\"\">\r\n                                <\/div>\r\n                                <div class=\"title\">\r\n                                      Redundant System\r\n                                <\/div>\r\n                                <div class=\"desc\">\r\n                                      Your data is automatically backed up and protected to avoid any data loss.\r\n                                <\/div>\r\n                            <\/div>\r\n                              \r\n\t\t\t  \r\n\r\n\t\t\t\t\r\n\r\n\t\t\t\t\t\t\t\t<div class=\"platform-features-cards-card\">\r\n                                <div class=\"icon\">\r\n                                    <img decoding=\"async\" src=\"https:\/\/www.gunce.com\/wp-content\/uploads\/optik-karakter-tanima-icon.svg\" alt=\"\">\r\n                                <\/div>\r\n                                <div class=\"title\">\r\n                                      Optical Character Recognition (OCR)\r\n                                <\/div>\r\n                                <div class=\"desc\">\r\n                                     With OCR Technology, your physical documents are automatically transferred to digital media and searchable with keywords becomes possible.\r\n                                <\/div>\r\n                            <\/div>\r\n                              \r\n\t\t\t  \r\n                          \r\n                        <\/div>\r\n                    <\/div>\r\n                <\/div>\r\n            <\/div>\r\n        <\/div>\r\n    <\/section>\r\n\r\n\t[\/vc_column][\/vc_row]<\/p>\n<\/div>","protected":false},"excerpt":{"rendered":"<p>[vc_row full_width=&#8221;stretch_row_content_no_spaces&#8221;][vc_column][\/vc_column][\/vc_row][vc_row full_width=&#8221;stretch_row_content_no_spaces&#8221;][vc_column][\/vc_column][\/vc_row][vc_row][vc_column][\/vc_column][\/vc_row]<\/p>\n","protected":false},"author":8,"featured_media":0,"parent":0,"menu_order":0,"comment_status":"closed","ping_status":"closed","template":"","meta":{"_acf_changed":false,"content-type":"","footnotes":""},"class_list":["post-1408","page","type-page","status-publish","hentry"],"acf":[],"yoast_head":"<!-- This site is optimized with the Yoast SEO plugin v27.5 - https:\/\/yoast.com\/product\/yoast-seo-wordpress\/ -->\n<title>Platform - G\u00fcnce<\/title>\n<meta name=\"description\" content=\"Discover G\u00fcnce\u2019s all-in-one platform, offering cutting-edge tools and tailored solutions for law automation, business development, finance, reporting, and more.\" \/>\n<meta name=\"robots\" content=\"index, follow, max-snippet:-1, max-image-preview:large, max-video-preview:-1\" \/>\n<link rel=\"canonical\" href=\"https:\/\/www.gunce.com\/en\/platform\/\" \/>\n<meta property=\"og:locale\" content=\"en_US\" \/>\n<meta property=\"og:type\" content=\"article\" \/>\n<meta property=\"og:title\" content=\"Platform - G\u00fcnce\" \/>\n<meta property=\"og:description\" content=\"Discover G\u00fcnce\u2019s all-in-one platform, offering cutting-edge tools and tailored solutions for law automation, business development, finance, reporting, and more.\" \/>\n<meta property=\"og:url\" content=\"https:\/\/www.gunce.com\/en\/platform\/\" \/>\n<meta property=\"og:site_name\" content=\"G\u00fcnce\" \/>\n<meta property=\"article:modified_time\" content=\"2026-04-11T09:26:51+00:00\" \/>\n<meta name=\"twitter:card\" content=\"summary_large_image\" \/>\n<meta name=\"twitter:label1\" content=\"Est. reading time\" \/>\n\t<meta name=\"twitter:data1\" content=\"2 minutes\" \/>\n<script type=\"application\/ld+json\" class=\"yoast-schema-graph\">{\"@context\":\"https:\\\/\\\/schema.org\",\"@graph\":[{\"@type\":\"WebPage\",\"@id\":\"https:\\\/\\\/www.gunce.com\\\/en\\\/platform\\\/\",\"url\":\"https:\\\/\\\/www.gunce.com\\\/en\\\/platform\\\/\",\"name\":\"Platform - G\u00fcnce\",\"isPartOf\":{\"@id\":\"https:\\\/\\\/www.gunce.com\\\/en\\\/#website\"},\"datePublished\":\"2024-09-03T12:54:53+00:00\",\"dateModified\":\"2026-04-11T09:26:51+00:00\",\"description\":\"Discover G\u00fcnce\u2019s all-in-one platform, offering cutting-edge tools and tailored solutions for law automation, business development, finance, reporting, and more.\",\"breadcrumb\":{\"@id\":\"https:\\\/\\\/www.gunce.com\\\/en\\\/platform\\\/#breadcrumb\"},\"inLanguage\":\"en-US\",\"potentialAction\":[{\"@type\":\"ReadAction\",\"target\":[\"https:\\\/\\\/www.gunce.com\\\/en\\\/platform\\\/\"]}]},{\"@type\":\"BreadcrumbList\",\"@id\":\"https:\\\/\\\/www.gunce.com\\\/en\\\/platform\\\/#breadcrumb\",\"itemListElement\":[{\"@type\":\"ListItem\",\"position\":1,\"name\":\"Anasayfa\",\"item\":\"https:\\\/\\\/www.gunce.com\\\/en\\\/\"},{\"@type\":\"ListItem\",\"position\":2,\"name\":\"Platform\"}]},{\"@type\":\"WebSite\",\"@id\":\"https:\\\/\\\/www.gunce.com\\\/en\\\/#website\",\"url\":\"https:\\\/\\\/www.gunce.com\\\/en\\\/\",\"name\":\"G\u00fcnce\",\"description\":\"G\u00fcnce Dijital Hukuk Yaz\u0131l\u0131m\u0131\",\"potentialAction\":[{\"@type\":\"SearchAction\",\"target\":{\"@type\":\"EntryPoint\",\"urlTemplate\":\"https:\\\/\\\/www.gunce.com\\\/en\\\/?s={search_term_string}\"},\"query-input\":{\"@type\":\"PropertyValueSpecification\",\"valueRequired\":true,\"valueName\":\"search_term_string\"}}],\"inLanguage\":\"en-US\"}]}<\/script>\n<!-- \/ Yoast SEO plugin. -->","yoast_head_json":{"title":"Platform - G\u00fcnce","description":"Discover G\u00fcnce\u2019s all-in-one platform, offering cutting-edge tools and tailored solutions for law automation, business development, finance, reporting, and more.","robots":{"index":"index","follow":"follow","max-snippet":"max-snippet:-1","max-image-preview":"max-image-preview:large","max-video-preview":"max-video-preview:-1"},"canonical":"https:\/\/www.gunce.com\/en\/platform\/","og_locale":"en_US","og_type":"article","og_title":"Platform - G\u00fcnce","og_description":"Discover G\u00fcnce\u2019s all-in-one platform, offering cutting-edge tools and tailored solutions for law automation, business development, finance, reporting, and more.","og_url":"https:\/\/www.gunce.com\/en\/platform\/","og_site_name":"G\u00fcnce","article_modified_time":"2026-04-11T09:26:51+00:00","twitter_card":"summary_large_image","twitter_misc":{"Est. reading time":"2 minutes"},"schema":{"@context":"https:\/\/schema.org","@graph":[{"@type":"WebPage","@id":"https:\/\/www.gunce.com\/en\/platform\/","url":"https:\/\/www.gunce.com\/en\/platform\/","name":"Platform - G\u00fcnce","isPartOf":{"@id":"https:\/\/www.gunce.com\/en\/#website"},"datePublished":"2024-09-03T12:54:53+00:00","dateModified":"2026-04-11T09:26:51+00:00","description":"Discover G\u00fcnce\u2019s all-in-one platform, offering cutting-edge tools and tailored solutions for law automation, business development, finance, reporting, and more.","breadcrumb":{"@id":"https:\/\/www.gunce.com\/en\/platform\/#breadcrumb"},"inLanguage":"en-US","potentialAction":[{"@type":"ReadAction","target":["https:\/\/www.gunce.com\/en\/platform\/"]}]},{"@type":"BreadcrumbList","@id":"https:\/\/www.gunce.com\/en\/platform\/#breadcrumb","itemListElement":[{"@type":"ListItem","position":1,"name":"Anasayfa","item":"https:\/\/www.gunce.com\/en\/"},{"@type":"ListItem","position":2,"name":"Platform"}]},{"@type":"WebSite","@id":"https:\/\/www.gunce.com\/en\/#website","url":"https:\/\/www.gunce.com\/en\/","name":"G\u00fcnce","description":"G\u00fcnce Dijital Hukuk Yaz\u0131l\u0131m\u0131","potentialAction":[{"@type":"SearchAction","target":{"@type":"EntryPoint","urlTemplate":"https:\/\/www.gunce.com\/en\/?s={search_term_string}"},"query-input":{"@type":"PropertyValueSpecification","valueRequired":true,"valueName":"search_term_string"}}],"inLanguage":"en-US"}]}},"_links":{"self":[{"href":"https:\/\/www.gunce.com\/en\/wp-json\/wp\/v2\/pages\/1408","targetHints":{"allow":["GET"]}}],"collection":[{"href":"https:\/\/www.gunce.com\/en\/wp-json\/wp\/v2\/pages"}],"about":[{"href":"https:\/\/www.gunce.com\/en\/wp-json\/wp\/v2\/types\/page"}],"author":[{"embeddable":true,"href":"https:\/\/www.gunce.com\/en\/wp-json\/wp\/v2\/users\/8"}],"replies":[{"embeddable":true,"href":"https:\/\/www.gunce.com\/en\/wp-json\/wp\/v2\/comments?post=1408"}],"version-history":[{"count":6,"href":"https:\/\/www.gunce.com\/en\/wp-json\/wp\/v2\/pages\/1408\/revisions"}],"predecessor-version":[{"id":2821,"href":"https:\/\/www.gunce.com\/en\/wp-json\/wp\/v2\/pages\/1408\/revisions\/2821"}],"wp:attachment":[{"href":"https:\/\/www.gunce.com\/en\/wp-json\/wp\/v2\/media?parent=1408"}],"curies":[{"name":"wp","href":"https:\/\/api.w.org\/{rel}","templated":true}]}}