{"id":1413,"date":"2024-09-03T12:55:00","date_gmt":"2024-09-03T12:55:00","guid":{"rendered":"https:\/\/gunce.bootests.com\/iletisim\/"},"modified":"2024-12-17T07:19:58","modified_gmt":"2024-12-17T07:19:58","slug":"contact-us","status":"publish","type":"page","link":"https:\/\/www.gunce.com\/en\/contact-us\/","title":{"rendered":"Contact Us"},"content":{"rendered":"<div class=\"wpb-content-wrapper\"><p>[vc_row][vc_column] \n<section>\n\t\t\t<div class=\"gn-faq-wrapper contact-form-section1\">\n\t\t\t\t<div class=\"container\">\n\t\t\t\t\t<div class=\"custom-container section-container contact-form-section2\">\n\t\t\t\t\t\t<div class=\"gn-faq\">\n\t\t\t\t\t\t\t<h1 class=\"page-badge\" data-aos=\"fade-up\" data-aos-delay=\"300\" data-aos-easing=\"ease\">\n\t\t\t\t\t\t\t\tContact Us\n\t\t\t\t\t\t\t<\/h1>\n\t\t\t\t\t\t\t<h3 data-aos=\"fade-up\" data-aos-delay=\"400\" data-aos-easing=\"ease\">\n\t\t\t\t\t\t\t\tHow can we help you?\n\t\t\t\t\t\t\t<\/h3>\n\t\t\t\t\t\t\t<p data-aos=\"fade-up\" data-aos-delay=\"450\" data-aos-easing=\"ease\">\n\t\t\t\t\t\t\tYou can reach us at +90 (212) 274 70 00 or using the form below.\n\t\t\t\t\t\t\t<\/p>\n\n\n\t\t\t\t\t\t\t<div class=\"gn-faq-accordion contact-form-section3\" data-aos=\"fade-up\" data-aos-delay=\"500\" data-aos-easing=\"ease\">\n\t\t\t\t\t\t\t\t<div class=\"accordion accordion-flush contact-form-section4\" id=\"firstAccordion contact-form\">\n\t\t\t\t\t\t\t\t\t\n\t\t\t\t\t\t<script>\n\t\t\t\t\t\t\twindow.hsFormsOnReady = window.hsFormsOnReady || [];\n\t\t\t\t\t\t\twindow.hsFormsOnReady.push(()=>{\n\t\t\t\t\t\t\t\thbspt.forms.create({\n\t\t\t\t\t\t\t\t\tportalId: 144729850,\n\t\t\t\t\t\t\t\t\tformId: \"cc6ac3c0-b542-48b1-8e1a-07a850b2bcbc\",\n\t\t\t\t\t\t\t\t\ttarget: \"#hbspt-form-1778601741000-4811168736\",\n\t\t\t\t\t\t\t\t\tregion: \"eu1\",\n\t\t\t\t\t\t\t\t\t\n\t\t\t\t\t\t\t})});\n\t\t\t\t\t\t<\/script>\n\t\t\t\t\t\t<div class=\"hbspt-form\" id=\"hbspt-form-1778601741000-4811168736\"><\/div>\n\t\t\t\t\t\t\t\t<\/div>\n\t\t\t\t\t\t\t<\/div>\n\t\t\t\t\t\t<\/div>\n\t\t\t\t\t<\/div>\n\t\t\t\t<\/div>\n\t\t\t<\/div>\n\t\t<\/section>\n\n\n\n\t[\/vc_column][\/vc_row]<\/p>\n<\/div>","protected":false},"excerpt":{"rendered":"<p>[vc_row][vc_column][\/vc_column][\/vc_row]<\/p>\n","protected":false},"author":8,"featured_media":0,"parent":0,"menu_order":0,"comment_status":"closed","ping_status":"closed","template":"","meta":{"_acf_changed":false,"content-type":"","footnotes":""},"class_list":["post-1413","page","type-page","status-publish","hentry"],"acf":[],"yoast_head":"<!-- This site is optimized with the Yoast SEO plugin v27.5 - https:\/\/yoast.com\/product\/yoast-seo-wordpress\/ -->\n<title>Contact Us - G\u00fcnce<\/title>\n<meta name=\"description\" content=\"Connect with the G\u00fcnce team today! Whether you have questions or need tailored solutions, we are here to support you every step of the way.\" \/>\n<meta name=\"robots\" content=\"index, follow, max-snippet:-1, max-image-preview:large, max-video-preview:-1\" \/>\n<link rel=\"canonical\" href=\"https:\/\/www.gunce.com\/en\/contact-us\/\" \/>\n<meta property=\"og:locale\" content=\"en_US\" \/>\n<meta property=\"og:type\" content=\"article\" \/>\n<meta property=\"og:title\" content=\"Contact Us - G\u00fcnce\" \/>\n<meta property=\"og:description\" content=\"Connect with the G\u00fcnce team today! Whether you have questions or need tailored solutions, we are here to support you every step of the way.\" \/>\n<meta property=\"og:url\" content=\"https:\/\/www.gunce.com\/en\/contact-us\/\" \/>\n<meta property=\"og:site_name\" content=\"G\u00fcnce\" \/>\n<meta property=\"article:modified_time\" content=\"2024-12-17T07:19:58+00:00\" \/>\n<meta name=\"twitter:card\" content=\"summary_large_image\" \/>\n<meta name=\"twitter:label1\" content=\"Est. reading time\" \/>\n\t<meta name=\"twitter:data1\" content=\"1 minute\" \/>\n<script type=\"application\/ld+json\" class=\"yoast-schema-graph\">{\"@context\":\"https:\\\/\\\/schema.org\",\"@graph\":[{\"@type\":\"WebPage\",\"@id\":\"https:\\\/\\\/www.gunce.com\\\/en\\\/contact-us\\\/\",\"url\":\"https:\\\/\\\/www.gunce.com\\\/en\\\/contact-us\\\/\",\"name\":\"Contact Us - G\u00fcnce\",\"isPartOf\":{\"@id\":\"https:\\\/\\\/www.gunce.com\\\/en\\\/#website\"},\"datePublished\":\"2024-09-03T12:55:00+00:00\",\"dateModified\":\"2024-12-17T07:19:58+00:00\",\"description\":\"Connect with the G\u00fcnce team today! Whether you have questions or need tailored solutions, we are here to support you every step of the way.\",\"breadcrumb\":{\"@id\":\"https:\\\/\\\/www.gunce.com\\\/en\\\/contact-us\\\/#breadcrumb\"},\"inLanguage\":\"en-US\",\"potentialAction\":[{\"@type\":\"ReadAction\",\"target\":[\"https:\\\/\\\/www.gunce.com\\\/en\\\/contact-us\\\/\"]}]},{\"@type\":\"BreadcrumbList\",\"@id\":\"https:\\\/\\\/www.gunce.com\\\/en\\\/contact-us\\\/#breadcrumb\",\"itemListElement\":[{\"@type\":\"ListItem\",\"position\":1,\"name\":\"Anasayfa\",\"item\":\"https:\\\/\\\/www.gunce.com\\\/en\\\/\"},{\"@type\":\"ListItem\",\"position\":2,\"name\":\"Contact Us\"}]},{\"@type\":\"WebSite\",\"@id\":\"https:\\\/\\\/www.gunce.com\\\/en\\\/#website\",\"url\":\"https:\\\/\\\/www.gunce.com\\\/en\\\/\",\"name\":\"G\u00fcnce\",\"description\":\"G\u00fcnce Dijital Hukuk Yaz\u0131l\u0131m\u0131\",\"potentialAction\":[{\"@type\":\"SearchAction\",\"target\":{\"@type\":\"EntryPoint\",\"urlTemplate\":\"https:\\\/\\\/www.gunce.com\\\/en\\\/?s={search_term_string}\"},\"query-input\":{\"@type\":\"PropertyValueSpecification\",\"valueRequired\":true,\"valueName\":\"search_term_string\"}}],\"inLanguage\":\"en-US\"}]}<\/script>\n<!-- \/ Yoast SEO plugin. -->","yoast_head_json":{"title":"Contact Us - G\u00fcnce","description":"Connect with the G\u00fcnce team today! Whether you have questions or need tailored solutions, we are here to support you every step of the way.","robots":{"index":"index","follow":"follow","max-snippet":"max-snippet:-1","max-image-preview":"max-image-preview:large","max-video-preview":"max-video-preview:-1"},"canonical":"https:\/\/www.gunce.com\/en\/contact-us\/","og_locale":"en_US","og_type":"article","og_title":"Contact Us - G\u00fcnce","og_description":"Connect with the G\u00fcnce team today! Whether you have questions or need tailored solutions, we are here to support you every step of the way.","og_url":"https:\/\/www.gunce.com\/en\/contact-us\/","og_site_name":"G\u00fcnce","article_modified_time":"2024-12-17T07:19:58+00:00","twitter_card":"summary_large_image","twitter_misc":{"Est. reading time":"1 minute"},"schema":{"@context":"https:\/\/schema.org","@graph":[{"@type":"WebPage","@id":"https:\/\/www.gunce.com\/en\/contact-us\/","url":"https:\/\/www.gunce.com\/en\/contact-us\/","name":"Contact Us - G\u00fcnce","isPartOf":{"@id":"https:\/\/www.gunce.com\/en\/#website"},"datePublished":"2024-09-03T12:55:00+00:00","dateModified":"2024-12-17T07:19:58+00:00","description":"Connect with the G\u00fcnce team today! Whether you have questions or need tailored solutions, we are here to support you every step of the way.","breadcrumb":{"@id":"https:\/\/www.gunce.com\/en\/contact-us\/#breadcrumb"},"inLanguage":"en-US","potentialAction":[{"@type":"ReadAction","target":["https:\/\/www.gunce.com\/en\/contact-us\/"]}]},{"@type":"BreadcrumbList","@id":"https:\/\/www.gunce.com\/en\/contact-us\/#breadcrumb","itemListElement":[{"@type":"ListItem","position":1,"name":"Anasayfa","item":"https:\/\/www.gunce.com\/en\/"},{"@type":"ListItem","position":2,"name":"Contact Us"}]},{"@type":"WebSite","@id":"https:\/\/www.gunce.com\/en\/#website","url":"https:\/\/www.gunce.com\/en\/","name":"G\u00fcnce","description":"G\u00fcnce Dijital Hukuk Yaz\u0131l\u0131m\u0131","potentialAction":[{"@type":"SearchAction","target":{"@type":"EntryPoint","urlTemplate":"https:\/\/www.gunce.com\/en\/?s={search_term_string}"},"query-input":{"@type":"PropertyValueSpecification","valueRequired":true,"valueName":"search_term_string"}}],"inLanguage":"en-US"}]}},"_links":{"self":[{"href":"https:\/\/www.gunce.com\/en\/wp-json\/wp\/v2\/pages\/1413","targetHints":{"allow":["GET"]}}],"collection":[{"href":"https:\/\/www.gunce.com\/en\/wp-json\/wp\/v2\/pages"}],"about":[{"href":"https:\/\/www.gunce.com\/en\/wp-json\/wp\/v2\/types\/page"}],"author":[{"embeddable":true,"href":"https:\/\/www.gunce.com\/en\/wp-json\/wp\/v2\/users\/8"}],"replies":[{"embeddable":true,"href":"https:\/\/www.gunce.com\/en\/wp-json\/wp\/v2\/comments?post=1413"}],"version-history":[{"count":6,"href":"https:\/\/www.gunce.com\/en\/wp-json\/wp\/v2\/pages\/1413\/revisions"}],"predecessor-version":[{"id":1922,"href":"https:\/\/www.gunce.com\/en\/wp-json\/wp\/v2\/pages\/1413\/revisions\/1922"}],"wp:attachment":[{"href":"https:\/\/www.gunce.com\/en\/wp-json\/wp\/v2\/media?parent=1413"}],"curies":[{"name":"wp","href":"https:\/\/api.w.org\/{rel}","templated":true}]}}