{"id":1416,"date":"2024-09-03T12:03:53","date_gmt":"2024-09-03T12:03:53","guid":{"rendered":"https:\/\/gunce.bootests.com\/is-gelistirme\/"},"modified":"2024-12-17T07:24:23","modified_gmt":"2024-12-17T07:24:23","slug":"business-development","status":"publish","type":"page","link":"https:\/\/www.gunce.com\/en\/platform\/business-development\/","title":{"rendered":"Business Development"},"content":{"rendered":"<div class=\"wpb-content-wrapper\"><p>[vc_row][vc_column]   \n\n  <section>\n\n        <div class=\"gn-office-hero-wrapper\">\n\n            <div class=\"container\">\n\n                <div class=\"custom-container section-container\">\n\n                    <div class=\"gn-office-hero relations\">\n\n                        <div class=\"left\">\n\n                            <h1 class=\"hero-badge\" data-aos=\"fade-up\" data-aos-delay=\"300\" data-aos-easing=\"ease\">\n\n                              BUSINESS DEVELOPMENT\n\n                            <\/h1>\n\n                            <h2 data-aos=\"fade-up\" data-aos-delay=\"400\" data-aos-easing=\"ease\">\n\n                                Record every effort to grow your office.\n\n                            <\/h2>\n\n                            <p data-aos=\"fade-up\" data-aos-delay=\"450\" data-aos-easing=\"ease\">\n\n                                Increase your number of clients by constantly monitoring your business development activities.\n\n                            <\/p>\n\n                            <a href=\"#\" class=\"btn btn-gn-primary btn-hero\" data-aos=\"fade-up\" data-aos-delay=\"450\"\n\n                                data-aos-easing=\"ease\">\n\n                                Try for Free\n\n                            <\/a>\n\n                        <\/div>\n\n                        <div class=\"right\" data-aos=\"fade-left\" data-aos-delay=\"550\" data-aos-easing=\"ease\">\n\n                            <img decoding=\"async\" src=\"https:\/\/www.gunce.com\/wp-content\/uploads\/is-gelistirme-image-1.svg\" alt=\"\">\n\n                        <\/div>\n\n                    <\/div>\n\n                <\/div>\n\n            <\/div>\n\n        <\/div>\n\n    <\/section>\n\n\t  \r\n\r\n\t    <section>\r\n        <div class=\"gn-features-wrapper relations\">\r\n            <div class=\"section-wrapper\">\r\n                <div class=\"container\">\r\n                    <div class=\"custom-container section-container\">\r\n                        <div class=\"gn-features \">\r\n                            <div class=\"gn-features-cards relations\" data-aos=\"fade-up\" data-aos-delay=\"450\"\r\n                                data-aos-easing=\"ease\">\r\n                               \r\n\r\n\r\n\t\t\t\t\t\t\t <div class=\"gn-features-cards-card\">\r\n                                    <div class=\"icon\">\r\n                                       <img decoding=\"async\" src=\"  https:\/\/www.gunce.com\/wp-content\/uploads\/is-gelistirme-icon-1.svg\" alt=\"\">\r\n                                    <\/div>\r\n                                    <div class=\"title\">\r\n                                         Achieve Results by Tracking Your Efforts in Events\r\n                                    <\/div>\r\n                                    <div class=\"desc\">\r\n                                         Seamlessly organize your events and report on their success by managing date, location, participants and agenda.\r\n                                    <\/div>\r\n                                <\/div>\r\n                              \r\n\t\t\t  \r\n\r\n\t\t\t\t\t\t\t <div class=\"gn-features-cards-card\">\r\n                                    <div class=\"icon\">\r\n                                       <img decoding=\"async\" src=\"  https:\/\/www.gunce.com\/wp-content\/uploads\/is-gelistirme-icon-2.svg\" alt=\"\">\r\n                                    <\/div>\r\n                                    <div class=\"title\">\r\n                                         Create and Manage Your Publications Professionally\r\n                                    <\/div>\r\n                                    <div class=\"desc\">\r\n                                         Create and publish your articles, reports and other publications, and measure their impact by analyzing feedback.\r\n                                    <\/div>\r\n                                <\/div>\r\n                              \r\n\t\t\t  \r\n\r\n\t\t\t\t\t\t\t <div class=\"gn-features-cards-card\">\r\n                                    <div class=\"icon\">\r\n                                       <img decoding=\"async\" src=\"  https:\/\/www.gunce.com\/wp-content\/uploads\/is-gelistirme-icon-2.svg\" alt=\"\">\r\n                                    <\/div>\r\n                                    <div class=\"title\">\r\n                                         Plan and Track Your Activities Efficiently\r\n                                    <\/div>\r\n                                    <div class=\"desc\">\r\n                                         Plan all your business development activities, evaluate their performance and make best use of resources by managing their budget.\r\n                                    <\/div>\r\n                                <\/div>\r\n                              \r\n\t\t\t  \r\n                                \r\n                            <\/div>\r\n\r\n                        <\/div>\r\n                    <\/div>\r\n                <\/div>\r\n            <\/div>\r\n        <\/div>\r\n    <\/section>\r\n\t  \r\n\r\n   \n\n        <section>\n\n        <div class=\"gn-office-features-wrapper\">\n\n            <div class=\"container\">\n\n                <div class=\"custom-container section-container\">\n\n                    <div class=\"gn-office-features \">\n\n                        <div class=\"top\">\n\n                            <h3 data-aos=\"fade-up\" data-aos-delay=\"300\" data-aos-easing=\"ease\">\n\n                               Features\n\n                            <\/h3>\n\n                        <\/div>\n\n                        <div class=\"feature-cards office-cards\" data-aos=\"fade-up\" data-aos-delay=\"500\"\n\n                            data-aos-easing=\"ease\">\n\n                         \n\n                           \n\n\n\n\n\n                                \t   <div class=\"feature-cards-card\">\n\n                                <div class=\"icon\">\n\n                                      <img decoding=\"async\" src=\" https:\/\/www.gunce.com\/wp-content\/uploads\/ozellikler-icon-1.svg\" alt=\"\">\n\n                                <\/div>\n\n                                <div class=\"content\">\n\n                                    <div class=\"title\">\n\n                                        Events\n\n                                    <\/div>\n\n                                    <div class=\"desc\">\n\n                                <ul>\n<li>Plan your organization perfectly by easily managing all the details of the events such as date, place, participants and agenda.<\/li>\n<li>Achieve continuous improvement and more effective results for future events by evaluating and reporting the success of events.<\/li>\n<\/ul>\n\n\n                                    <\/div>\n\n                                <\/div>\n\n                            <\/div>\n\n            \n\n            \n\n\n\n\n\n                                \t   <div class=\"feature-cards-card\">\n\n                                <div class=\"icon\">\n\n                                      <img decoding=\"async\" src=\" https:\/\/www.gunce.com\/wp-content\/uploads\/ozellikler-icon-1.svg\" alt=\"\">\n\n                                <\/div>\n\n                                <div class=\"content\">\n\n                                    <div class=\"title\">\n\n                                        Publications\n\n                                    <\/div>\n\n                                    <div class=\"desc\">\n\n                                <ul>\n<li>\n<p id=\"tw-target-text\" class=\"tw-data-text tw-text-large tw-ta\" dir=\"ltr\" data-placeholder=\"Translation\" data-ved=\"2ahUKEwi2ipri0s6IAxXqRPEDHTCMK9QQ3ewLegQIBhAU\" aria-label=\"Translated text: Share your knowledge widely by creating and publishing articles, reports, and other publications prepared by the Practice. Control the distribution and reach of posts, increase the impact of your posts by analyzing feedback, and constantly improve your content.\"><span class=\"Y2IQFc\" lang=\"en\">Share your knowledge widely by creating and publishing articles, reports, and other publications prepared by the practice. <\/span><\/p>\n<\/li>\n<li>\n<p id=\"tw-target-text\" class=\"tw-data-text tw-text-large tw-ta\" dir=\"ltr\" data-placeholder=\"Translation\" data-ved=\"2ahUKEwi2ipri0s6IAxXqRPEDHTCMK9QQ3ewLegQIBhAU\" aria-label=\"Translated text: Share your knowledge widely by creating and publishing articles, reports, and other publications prepared by the Practice. Control the distribution and reach of posts, increase the impact of your posts by analyzing feedback, and constantly improve your content.\"><span class=\"Y2IQFc\" lang=\"en\">Control the distribution and reach of posts, increase the impact of your posts by analyzing feedback, and constantly improve your content.<\/span><\/p>\n<\/li>\n<\/ul>\n\n\n                                    <\/div>\n\n                                <\/div>\n\n                            <\/div>\n\n            \n\n            \n\n\n\n\n\n                                \t   <div class=\"feature-cards-card\">\n\n                                <div class=\"icon\">\n\n                                      <img decoding=\"async\" src=\" https:\/\/www.gunce.com\/wp-content\/uploads\/ozellikler-icon-1.svg\" alt=\"\">\n\n                                <\/div>\n\n                                <div class=\"content\">\n\n                                    <div class=\"title\">\n\n                                        Activities\n\n                                    <\/div>\n\n                                    <div class=\"desc\">\n\n                                <ul>\n<li>\n<p id=\"tw-target-text\" class=\"tw-data-text tw-text-large tw-ta\" dir=\"ltr\" data-placeholder=\"Translation\" data-ved=\"2ahUKEwi2ipri0s6IAxXqRPEDHTCMK9QQ3ewLegQIBhAU\" aria-label=\"Translated text: Create an effective management process that will help you achieve your strategic goals by planning and tracking all your business development activities. Evaluate the performance of activities and identify improvement opportunities, increase efficiency with budget and resource management.\"><span class=\"Y2IQFc\" lang=\"en\">Create an effective management process that will help you achieve your strategic goals by planning and tracking all your business development activities.<\/span><\/p>\n<\/li>\n<li>\n<p id=\"tw-target-text\" class=\"tw-data-text tw-text-large tw-ta\" dir=\"ltr\" data-placeholder=\"Translation\" data-ved=\"2ahUKEwi2ipri0s6IAxXqRPEDHTCMK9QQ3ewLegQIBhAU\" aria-label=\"Translated text: Create an effective management process that will help you achieve your strategic goals by planning and tracking all your business development activities. Evaluate the performance of activities and identify improvement opportunities, increase efficiency with budget and resource management.\"><span class=\"Y2IQFc\" lang=\"en\">Evaluate the performance of activities and identify improvement opportunities, increase efficiency with budget and resource management.<\/span><\/p>\n<\/li>\n<\/ul>\n\n\n                                    <\/div>\n\n                                <\/div>\n\n                            <\/div>\n\n            \n\n            \n\n                        <\/div>\n\n\n\n                    <\/div>\n\n                <\/div>\n\n            <\/div>\n\n        <\/div>\n\n    <\/section>\n\n\n\n\n\n        \r\n\r\n\t[\/vc_column][\/vc_row]<\/p>\n<\/div>","protected":false},"excerpt":{"rendered":"<p>[vc_row][vc_column][\/vc_column][\/vc_row]<\/p>\n","protected":false},"author":8,"featured_media":0,"parent":1408,"menu_order":0,"comment_status":"closed","ping_status":"closed","template":"page-modul-detay.php","meta":{"_acf_changed":false,"content-type":"","footnotes":""},"class_list":["post-1416","page","type-page","status-publish","hentry"],"acf":[],"yoast_head":"<!-- This site is optimized with the Yoast SEO plugin v27.5 - https:\/\/yoast.com\/product\/yoast-seo-wordpress\/ -->\n<title>Business Development - G\u00fcnce<\/title>\n<meta name=\"description\" content=\"Unlock your business potential with G\u00fcnce\u2019s innovative business development platform. Discover tools designed to capture your growth efforts and drive to success.\" \/>\n<meta name=\"robots\" content=\"index, follow, max-snippet:-1, max-image-preview:large, max-video-preview:-1\" \/>\n<link rel=\"canonical\" href=\"https:\/\/www.gunce.com\/en\/platform\/business-development\/\" \/>\n<meta property=\"og:locale\" content=\"en_US\" \/>\n<meta property=\"og:type\" content=\"article\" \/>\n<meta property=\"og:title\" content=\"Business Development - G\u00fcnce\" \/>\n<meta property=\"og:description\" content=\"Unlock your business potential with G\u00fcnce\u2019s innovative business development platform. Discover tools designed to capture your growth efforts and drive to success.\" \/>\n<meta property=\"og:url\" content=\"https:\/\/www.gunce.com\/en\/platform\/business-development\/\" \/>\n<meta property=\"og:site_name\" content=\"G\u00fcnce\" \/>\n<meta property=\"article:modified_time\" content=\"2024-12-17T07:24:23+00:00\" \/>\n<meta name=\"twitter:card\" content=\"summary_large_image\" \/>\n<meta name=\"twitter:label1\" content=\"Est. reading time\" \/>\n\t<meta name=\"twitter:data1\" content=\"1 minute\" \/>\n<script type=\"application\/ld+json\" class=\"yoast-schema-graph\">{\"@context\":\"https:\\\/\\\/schema.org\",\"@graph\":[{\"@type\":\"WebPage\",\"@id\":\"https:\\\/\\\/www.gunce.com\\\/en\\\/platform\\\/business-development\\\/\",\"url\":\"https:\\\/\\\/www.gunce.com\\\/en\\\/platform\\\/business-development\\\/\",\"name\":\"Business Development - G\u00fcnce\",\"isPartOf\":{\"@id\":\"https:\\\/\\\/www.gunce.com\\\/en\\\/#website\"},\"datePublished\":\"2024-09-03T12:03:53+00:00\",\"dateModified\":\"2024-12-17T07:24:23+00:00\",\"description\":\"Unlock your business potential with G\u00fcnce\u2019s innovative business development platform. Discover tools designed to capture your growth efforts and drive to success.\",\"breadcrumb\":{\"@id\":\"https:\\\/\\\/www.gunce.com\\\/en\\\/platform\\\/business-development\\\/#breadcrumb\"},\"inLanguage\":\"en-US\",\"potentialAction\":[{\"@type\":\"ReadAction\",\"target\":[\"https:\\\/\\\/www.gunce.com\\\/en\\\/platform\\\/business-development\\\/\"]}]},{\"@type\":\"BreadcrumbList\",\"@id\":\"https:\\\/\\\/www.gunce.com\\\/en\\\/platform\\\/business-development\\\/#breadcrumb\",\"itemListElement\":[{\"@type\":\"ListItem\",\"position\":1,\"name\":\"Anasayfa\",\"item\":\"https:\\\/\\\/www.gunce.com\\\/en\\\/\"},{\"@type\":\"ListItem\",\"position\":2,\"name\":\"Business Development\"}]},{\"@type\":\"WebSite\",\"@id\":\"https:\\\/\\\/www.gunce.com\\\/en\\\/#website\",\"url\":\"https:\\\/\\\/www.gunce.com\\\/en\\\/\",\"name\":\"G\u00fcnce\",\"description\":\"G\u00fcnce Dijital Hukuk Yaz\u0131l\u0131m\u0131\",\"potentialAction\":[{\"@type\":\"SearchAction\",\"target\":{\"@type\":\"EntryPoint\",\"urlTemplate\":\"https:\\\/\\\/www.gunce.com\\\/en\\\/?s={search_term_string}\"},\"query-input\":{\"@type\":\"PropertyValueSpecification\",\"valueRequired\":true,\"valueName\":\"search_term_string\"}}],\"inLanguage\":\"en-US\"}]}<\/script>\n<!-- \/ Yoast SEO plugin. -->","yoast_head_json":{"title":"Business Development - G\u00fcnce","description":"Unlock your business potential with G\u00fcnce\u2019s innovative business development platform. Discover tools designed to capture your growth efforts and drive to success.","robots":{"index":"index","follow":"follow","max-snippet":"max-snippet:-1","max-image-preview":"max-image-preview:large","max-video-preview":"max-video-preview:-1"},"canonical":"https:\/\/www.gunce.com\/en\/platform\/business-development\/","og_locale":"en_US","og_type":"article","og_title":"Business Development - G\u00fcnce","og_description":"Unlock your business potential with G\u00fcnce\u2019s innovative business development platform. Discover tools designed to capture your growth efforts and drive to success.","og_url":"https:\/\/www.gunce.com\/en\/platform\/business-development\/","og_site_name":"G\u00fcnce","article_modified_time":"2024-12-17T07:24:23+00:00","twitter_card":"summary_large_image","twitter_misc":{"Est. reading time":"1 minute"},"schema":{"@context":"https:\/\/schema.org","@graph":[{"@type":"WebPage","@id":"https:\/\/www.gunce.com\/en\/platform\/business-development\/","url":"https:\/\/www.gunce.com\/en\/platform\/business-development\/","name":"Business Development - G\u00fcnce","isPartOf":{"@id":"https:\/\/www.gunce.com\/en\/#website"},"datePublished":"2024-09-03T12:03:53+00:00","dateModified":"2024-12-17T07:24:23+00:00","description":"Unlock your business potential with G\u00fcnce\u2019s innovative business development platform. Discover tools designed to capture your growth efforts and drive to success.","breadcrumb":{"@id":"https:\/\/www.gunce.com\/en\/platform\/business-development\/#breadcrumb"},"inLanguage":"en-US","potentialAction":[{"@type":"ReadAction","target":["https:\/\/www.gunce.com\/en\/platform\/business-development\/"]}]},{"@type":"BreadcrumbList","@id":"https:\/\/www.gunce.com\/en\/platform\/business-development\/#breadcrumb","itemListElement":[{"@type":"ListItem","position":1,"name":"Anasayfa","item":"https:\/\/www.gunce.com\/en\/"},{"@type":"ListItem","position":2,"name":"Business Development"}]},{"@type":"WebSite","@id":"https:\/\/www.gunce.com\/en\/#website","url":"https:\/\/www.gunce.com\/en\/","name":"G\u00fcnce","description":"G\u00fcnce Dijital Hukuk Yaz\u0131l\u0131m\u0131","potentialAction":[{"@type":"SearchAction","target":{"@type":"EntryPoint","urlTemplate":"https:\/\/www.gunce.com\/en\/?s={search_term_string}"},"query-input":{"@type":"PropertyValueSpecification","valueRequired":true,"valueName":"search_term_string"}}],"inLanguage":"en-US"}]}},"_links":{"self":[{"href":"https:\/\/www.gunce.com\/en\/wp-json\/wp\/v2\/pages\/1416","targetHints":{"allow":["GET"]}}],"collection":[{"href":"https:\/\/www.gunce.com\/en\/wp-json\/wp\/v2\/pages"}],"about":[{"href":"https:\/\/www.gunce.com\/en\/wp-json\/wp\/v2\/types\/page"}],"author":[{"embeddable":true,"href":"https:\/\/www.gunce.com\/en\/wp-json\/wp\/v2\/users\/8"}],"replies":[{"embeddable":true,"href":"https:\/\/www.gunce.com\/en\/wp-json\/wp\/v2\/comments?post=1416"}],"version-history":[{"count":5,"href":"https:\/\/www.gunce.com\/en\/wp-json\/wp\/v2\/pages\/1416\/revisions"}],"predecessor-version":[{"id":1603,"href":"https:\/\/www.gunce.com\/en\/wp-json\/wp\/v2\/pages\/1416\/revisions\/1603"}],"up":[{"embeddable":true,"href":"https:\/\/www.gunce.com\/en\/wp-json\/wp\/v2\/pages\/1408"}],"wp:attachment":[{"href":"https:\/\/www.gunce.com\/en\/wp-json\/wp\/v2\/media?parent=1416"}],"curies":[{"name":"wp","href":"https:\/\/api.w.org\/{rel}","templated":true}]}}