{"id":1424,"date":"2024-09-03T12:02:11","date_gmt":"2024-09-03T12:02:11","guid":{"rendered":"https:\/\/gunce.bootests.com\/platform\/buromuz\/"},"modified":"2024-12-17T07:27:30","modified_gmt":"2024-12-17T07:27:30","slug":"our-office","status":"publish","type":"page","link":"https:\/\/www.gunce.com\/en\/platform\/our-office\/","title":{"rendered":"Our Office"},"content":{"rendered":"<div class=\"wpb-content-wrapper\"><p>[vc_row full_width=&#8221;stretch_row_content_no_spaces&#8221;][vc_column]   \n\n  <section>\n\n        <div class=\"gn-office-hero-wrapper\">\n\n            <div class=\"container\">\n\n                <div class=\"custom-container section-container\">\n\n                    <div class=\"gn-office-hero relations\">\n\n                        <div class=\"left\">\n\n                            <h1 class=\"hero-badge\" data-aos=\"fade-up\" data-aos-delay=\"300\" data-aos-easing=\"ease\">\n\n                              OUR OFFICE\n\n                            <\/h1>\n\n                            <h2 data-aos=\"fade-up\" data-aos-delay=\"400\" data-aos-easing=\"ease\">\n\n                                Manage employee data in one place.\n\n                            <\/h2>\n\n                            <p data-aos=\"fade-up\" data-aos-delay=\"450\" data-aos-easing=\"ease\">\n\n                                Collect and record all your employees' information in one place and create an environment for collaborative work.\n\n                            <\/p>\n\n                            <a href=\"https:\/\/app.gunce.com\/Licence\/InsertDemoCustomer\" class=\"btn btn-gn-primary btn-hero\" data-aos=\"fade-up\" data-aos-delay=\"450\"\n\n                                data-aos-easing=\"ease\">\n\n                                Try for Free\n\n                            <\/a>\n\n                        <\/div>\n\n                        <div class=\"right\" data-aos=\"fade-left\" data-aos-delay=\"550\" data-aos-easing=\"ease\">\n\n                            <img decoding=\"async\" src=\"https:\/\/www.gunce.com\/wp-content\/uploads\/buromuz-image-1.svg\" alt=\"\">\n\n                        <\/div>\n\n                    <\/div>\n\n                <\/div>\n\n            <\/div>\n\n        <\/div>\n\n    <\/section>\n\n\t  \r\n\r\n\t    <section>\r\n        <div class=\"gn-features-wrapper relations\">\r\n            <div class=\"section-wrapper\">\r\n                <div class=\"container\">\r\n                    <div class=\"custom-container section-container\">\r\n                        <div class=\"gn-features \">\r\n                            <div class=\"gn-features-cards relations\" data-aos=\"fade-up\" data-aos-delay=\"450\"\r\n                                data-aos-easing=\"ease\">\r\n                               \r\n\r\n\r\n\t\t\t\t\t\t\t <div class=\"gn-features-cards-card\">\r\n                                    <div class=\"icon\">\r\n                                       <img decoding=\"async\" src=\"  https:\/\/www.gunce.com\/wp-content\/uploads\/buromuz-icon-1.svg\" alt=\"\">\r\n                                    <\/div>\r\n                                    <div class=\"title\">\r\n                                          Easily Access Accurate and Reliable Data\r\n                                    <\/div>\r\n                                    <div class=\"desc\">\r\n                                         Increase the accuracy and security of your data and prevent errors and information loss by collecting and storing all employee information in a central system.\r\n                                    <\/div>\r\n                                <\/div>\r\n                              \r\n\t\t\t  \r\n\r\n\t\t\t\t\t\t\t <div class=\"gn-features-cards-card\">\r\n                                    <div class=\"icon\">\r\n                                       <img decoding=\"async\" src=\"  https:\/\/www.gunce.com\/wp-content\/uploads\/buromuz-icon-2.svg\" alt=\"\">\r\n                                    <\/div>\r\n                                    <div class=\"title\">\r\n                                         Digitize Leave Management\r\n                                    <\/div>\r\n                                    <div class=\"desc\">\r\n                                         Manage employee leaves effectively, increase workforce efficiency and improve your business processes.\r\n                                    <\/div>\r\n                                <\/div>\r\n                              \r\n\t\t\t  \r\n\r\n\t\t\t\t\t\t\t <div class=\"gn-features-cards-card\">\r\n                                    <div class=\"icon\">\r\n                                       <img decoding=\"async\" src=\"  https:\/\/www.gunce.com\/wp-content\/uploads\/buromuz-icon-3.svg\" alt=\"\">\r\n                                    <\/div>\r\n                                    <div class=\"title\">\r\n                                         Manage End-to-End\r\n                                    <\/div>\r\n                                    <div class=\"desc\">\r\n                                         Increase your efficiency and ensure data integrity by working integrated with other modules; Enjoy a seamless experience with accounting and file management modules, for example.\r\n                                    <\/div>\r\n                                <\/div>\r\n                              \r\n\t\t\t  \r\n                                \r\n                            <\/div>\r\n\r\n                        <\/div>\r\n                    <\/div>\r\n                <\/div>\r\n            <\/div>\r\n        <\/div>\r\n    <\/section>\r\n\t  \r\n\r\n   \n\n        <section>\n\n        <div class=\"gn-office-features-wrapper\">\n\n            <div class=\"container\">\n\n                <div class=\"custom-container section-container\">\n\n                    <div class=\"gn-office-features \">\n\n                        <div class=\"top\">\n\n                            <h3 data-aos=\"fade-up\" data-aos-delay=\"300\" data-aos-easing=\"ease\">\n\n                               Features\n\n                            <\/h3>\n\n                        <\/div>\n\n                        <div class=\"feature-cards office-cards\" data-aos=\"fade-up\" data-aos-delay=\"500\"\n\n                            data-aos-easing=\"ease\">\n\n                         \n\n                           \n\n\n\n\n\n                                \t   <div class=\"feature-cards-card\">\n\n                                <div class=\"icon\">\n\n                                      <img decoding=\"async\" src=\" https:\/\/www.gunce.com\/wp-content\/uploads\/ozellikler-icon-1.svg\" alt=\"\">\n\n                                <\/div>\n\n                                <div class=\"content\">\n\n                                    <div class=\"title\">\n\n                                        Our Teammates\n\n                                    <\/div>\n\n                                    <div class=\"desc\">\n\n                                <ul>\n<li>Record and organize basic information of your employees, such as employment date, position and department information, in a central system.<\/li>\n<li>Store documents such as employees&#8217; personal information, educational backgrounds, IDs and certificates digitally and access them easily when you need them.<\/li>\n<li>Manage salary payments and job changes in a practical way by tracking bank account information and work status.<\/li>\n<\/ul>\n\n\n                                    <\/div>\n\n                                <\/div>\n\n                            <\/div>\n\n            \n\n            \n\n\n\n\n\n                                \t   <div class=\"feature-cards-card\">\n\n                                <div class=\"icon\">\n\n                                      <img decoding=\"async\" src=\" https:\/\/www.gunce.com\/wp-content\/uploads\/ozellikler-icon-1.svg\" alt=\"\">\n\n                                <\/div>\n\n                                <div class=\"content\">\n\n                                    <div class=\"title\">\n\n                                        Leave Management\n\n                                    <\/div>\n\n                                    <div class=\"desc\">\n\n                                <ul>\n<li>Let your employees make and approve their leave requests digitally and track these requests in a practical way.<\/li>\n<li>Plan your workforce effectively by viewing the leave status of all employees on a central calendar.<\/li>\n<li>Manage your business processes better by keeping past and current leave records and obtaining detailed reports when necessary.<\/li>\n<\/ul>\n\n\n                                    <\/div>\n\n                                <\/div>\n\n                            <\/div>\n\n            \n\n            \n\n                        <\/div>\n\n\n\n                    <\/div>\n\n                <\/div>\n\n            <\/div>\n\n        <\/div>\n\n    <\/section>\n\n\n\n\n\n        \r\n\r\n\t[\/vc_column][\/vc_row]<\/p>\n<\/div>","protected":false},"excerpt":{"rendered":"<p>[vc_row full_width=&#8221;stretch_row_content_no_spaces&#8221;][vc_column][\/vc_column][\/vc_row]<\/p>\n","protected":false},"author":8,"featured_media":0,"parent":1408,"menu_order":0,"comment_status":"closed","ping_status":"closed","template":"page-modul-detay.php","meta":{"_acf_changed":false,"content-type":"","footnotes":""},"class_list":["post-1424","page","type-page","status-publish","hentry"],"acf":[],"yoast_head":"<!-- This site is optimized with the Yoast SEO plugin v27.5 - https:\/\/yoast.com\/product\/yoast-seo-wordpress\/ -->\n<title>Our Office - G\u00fcnce<\/title>\n<meta name=\"description\" content=\"Explore G\u00fcnce\u2019s human resources platform, designed create a single data source for employee information. Discover how we create smarter workplace solutions.\" \/>\n<meta name=\"robots\" content=\"index, follow, max-snippet:-1, max-image-preview:large, max-video-preview:-1\" \/>\n<link rel=\"canonical\" href=\"https:\/\/www.gunce.com\/en\/platform\/our-office\/\" \/>\n<meta property=\"og:locale\" content=\"en_US\" \/>\n<meta property=\"og:type\" content=\"article\" \/>\n<meta property=\"og:title\" content=\"Our Office - G\u00fcnce\" \/>\n<meta property=\"og:description\" content=\"Explore G\u00fcnce\u2019s human resources platform, designed create a single data source for employee information. Discover how we create smarter workplace solutions.\" \/>\n<meta property=\"og:url\" content=\"https:\/\/www.gunce.com\/en\/platform\/our-office\/\" \/>\n<meta property=\"og:site_name\" content=\"G\u00fcnce\" \/>\n<meta property=\"article:modified_time\" content=\"2024-12-17T07:27:30+00:00\" \/>\n<meta name=\"twitter:card\" content=\"summary_large_image\" \/>\n<meta name=\"twitter:label1\" content=\"Est. reading time\" \/>\n\t<meta name=\"twitter:data1\" content=\"1 minute\" \/>\n<script type=\"application\/ld+json\" class=\"yoast-schema-graph\">{\"@context\":\"https:\\\/\\\/schema.org\",\"@graph\":[{\"@type\":\"WebPage\",\"@id\":\"https:\\\/\\\/www.gunce.com\\\/en\\\/platform\\\/our-office\\\/\",\"url\":\"https:\\\/\\\/www.gunce.com\\\/en\\\/platform\\\/our-office\\\/\",\"name\":\"Our Office - G\u00fcnce\",\"isPartOf\":{\"@id\":\"https:\\\/\\\/www.gunce.com\\\/en\\\/#website\"},\"datePublished\":\"2024-09-03T12:02:11+00:00\",\"dateModified\":\"2024-12-17T07:27:30+00:00\",\"description\":\"Explore G\u00fcnce\u2019s human resources platform, designed create a single data source for employee information. Discover how we create smarter workplace solutions.\",\"breadcrumb\":{\"@id\":\"https:\\\/\\\/www.gunce.com\\\/en\\\/platform\\\/our-office\\\/#breadcrumb\"},\"inLanguage\":\"en-US\",\"potentialAction\":[{\"@type\":\"ReadAction\",\"target\":[\"https:\\\/\\\/www.gunce.com\\\/en\\\/platform\\\/our-office\\\/\"]}]},{\"@type\":\"BreadcrumbList\",\"@id\":\"https:\\\/\\\/www.gunce.com\\\/en\\\/platform\\\/our-office\\\/#breadcrumb\",\"itemListElement\":[{\"@type\":\"ListItem\",\"position\":1,\"name\":\"Anasayfa\",\"item\":\"https:\\\/\\\/www.gunce.com\\\/en\\\/\"},{\"@type\":\"ListItem\",\"position\":2,\"name\":\"Our Office\"}]},{\"@type\":\"WebSite\",\"@id\":\"https:\\\/\\\/www.gunce.com\\\/en\\\/#website\",\"url\":\"https:\\\/\\\/www.gunce.com\\\/en\\\/\",\"name\":\"G\u00fcnce\",\"description\":\"G\u00fcnce Dijital Hukuk Yaz\u0131l\u0131m\u0131\",\"potentialAction\":[{\"@type\":\"SearchAction\",\"target\":{\"@type\":\"EntryPoint\",\"urlTemplate\":\"https:\\\/\\\/www.gunce.com\\\/en\\\/?s={search_term_string}\"},\"query-input\":{\"@type\":\"PropertyValueSpecification\",\"valueRequired\":true,\"valueName\":\"search_term_string\"}}],\"inLanguage\":\"en-US\"}]}<\/script>\n<!-- \/ Yoast SEO plugin. -->","yoast_head_json":{"title":"Our Office - G\u00fcnce","description":"Explore G\u00fcnce\u2019s human resources platform, designed create a single data source for employee information. Discover how we create smarter workplace solutions.","robots":{"index":"index","follow":"follow","max-snippet":"max-snippet:-1","max-image-preview":"max-image-preview:large","max-video-preview":"max-video-preview:-1"},"canonical":"https:\/\/www.gunce.com\/en\/platform\/our-office\/","og_locale":"en_US","og_type":"article","og_title":"Our Office - G\u00fcnce","og_description":"Explore G\u00fcnce\u2019s human resources platform, designed create a single data source for employee information. Discover how we create smarter workplace solutions.","og_url":"https:\/\/www.gunce.com\/en\/platform\/our-office\/","og_site_name":"G\u00fcnce","article_modified_time":"2024-12-17T07:27:30+00:00","twitter_card":"summary_large_image","twitter_misc":{"Est. reading time":"1 minute"},"schema":{"@context":"https:\/\/schema.org","@graph":[{"@type":"WebPage","@id":"https:\/\/www.gunce.com\/en\/platform\/our-office\/","url":"https:\/\/www.gunce.com\/en\/platform\/our-office\/","name":"Our Office - G\u00fcnce","isPartOf":{"@id":"https:\/\/www.gunce.com\/en\/#website"},"datePublished":"2024-09-03T12:02:11+00:00","dateModified":"2024-12-17T07:27:30+00:00","description":"Explore G\u00fcnce\u2019s human resources platform, designed create a single data source for employee information. Discover how we create smarter workplace solutions.","breadcrumb":{"@id":"https:\/\/www.gunce.com\/en\/platform\/our-office\/#breadcrumb"},"inLanguage":"en-US","potentialAction":[{"@type":"ReadAction","target":["https:\/\/www.gunce.com\/en\/platform\/our-office\/"]}]},{"@type":"BreadcrumbList","@id":"https:\/\/www.gunce.com\/en\/platform\/our-office\/#breadcrumb","itemListElement":[{"@type":"ListItem","position":1,"name":"Anasayfa","item":"https:\/\/www.gunce.com\/en\/"},{"@type":"ListItem","position":2,"name":"Our Office"}]},{"@type":"WebSite","@id":"https:\/\/www.gunce.com\/en\/#website","url":"https:\/\/www.gunce.com\/en\/","name":"G\u00fcnce","description":"G\u00fcnce Dijital Hukuk Yaz\u0131l\u0131m\u0131","potentialAction":[{"@type":"SearchAction","target":{"@type":"EntryPoint","urlTemplate":"https:\/\/www.gunce.com\/en\/?s={search_term_string}"},"query-input":{"@type":"PropertyValueSpecification","valueRequired":true,"valueName":"search_term_string"}}],"inLanguage":"en-US"}]}},"_links":{"self":[{"href":"https:\/\/www.gunce.com\/en\/wp-json\/wp\/v2\/pages\/1424","targetHints":{"allow":["GET"]}}],"collection":[{"href":"https:\/\/www.gunce.com\/en\/wp-json\/wp\/v2\/pages"}],"about":[{"href":"https:\/\/www.gunce.com\/en\/wp-json\/wp\/v2\/types\/page"}],"author":[{"embeddable":true,"href":"https:\/\/www.gunce.com\/en\/wp-json\/wp\/v2\/users\/8"}],"replies":[{"embeddable":true,"href":"https:\/\/www.gunce.com\/en\/wp-json\/wp\/v2\/comments?post=1424"}],"version-history":[{"count":5,"href":"https:\/\/www.gunce.com\/en\/wp-json\/wp\/v2\/pages\/1424\/revisions"}],"predecessor-version":[{"id":1623,"href":"https:\/\/www.gunce.com\/en\/wp-json\/wp\/v2\/pages\/1424\/revisions\/1623"}],"up":[{"embeddable":true,"href":"https:\/\/www.gunce.com\/en\/wp-json\/wp\/v2\/pages\/1408"}],"wp:attachment":[{"href":"https:\/\/www.gunce.com\/en\/wp-json\/wp\/v2\/media?parent=1424"}],"curies":[{"name":"wp","href":"https:\/\/api.w.org\/{rel}","templated":true}]}}