{"id":1426,"date":"2024-09-03T12:02:51","date_gmt":"2024-09-03T12:02:51","guid":{"rendered":"https:\/\/gunce.bootests.com\/platform\/entegrasyonlarimiz\/"},"modified":"2025-01-15T08:43:48","modified_gmt":"2025-01-15T08:43:48","slug":"our-integrations","status":"publish","type":"page","link":"https:\/\/www.gunce.com\/en\/platform\/our-integrations\/","title":{"rendered":"Our integrations"},"content":{"rendered":"<div class=\"wpb-content-wrapper\"><p>[vc_row full_width=&#8221;stretch_row_content_no_spaces&#8221;][vc_column]   \n\n  <section>\n\n        <div class=\"gn-office-hero-wrapper\">\n\n            <div class=\"container\">\n\n                <div class=\"custom-container section-container\">\n\n                    <div class=\"gn-office-hero relations\">\n\n                        <div class=\"left\">\n\n                            <h1 class=\"hero-badge\" data-aos=\"fade-up\" data-aos-delay=\"300\" data-aos-easing=\"ease\">\n\n                              INTEGRATION\n\n                            <\/h1>\n\n                            <h2 data-aos=\"fade-up\" data-aos-delay=\"400\" data-aos-easing=\"ease\">\n\n                                Eliminate the need to log into different platforms.\n\n                            <\/h2>\n\n                            <p data-aos=\"fade-up\" data-aos-delay=\"450\" data-aos-easing=\"ease\">\n\n                                Automatically transfer information from systems such as UYAP, PTT UETS, PTT Kep to G\u00dcNCE and facilitate data entry.\n\n                            <\/p>\n\n                            <a href=\"https:\/\/app.gunce.com\/Licence\/InsertDemoCustomer\" class=\"btn btn-gn-primary btn-hero\" data-aos=\"fade-up\" data-aos-delay=\"450\"\n\n                                data-aos-easing=\"ease\">\n\n                                Try for Free\n\n                            <\/a>\n\n                        <\/div>\n\n                        <div class=\"right\" data-aos=\"fade-left\" data-aos-delay=\"550\" data-aos-easing=\"ease\">\n\n                            <img decoding=\"async\" src=\"https:\/\/www.gunce.com\/wp-content\/uploads\/entegrasyon_web_image.svg\" alt=\"\">\n\n                        <\/div>\n\n                    <\/div>\n\n                <\/div>\n\n            <\/div>\n\n        <\/div>\n\n    <\/section>\n\n\t  \r\n\r\n\t    <section>\r\n        <div class=\"gn-features-wrapper relations\">\r\n            <div class=\"section-wrapper\">\r\n                <div class=\"container\">\r\n                    <div class=\"custom-container section-container\">\r\n                        <div class=\"gn-features \">\r\n                            <div class=\"gn-features-cards relations\" data-aos=\"fade-up\" data-aos-delay=\"450\"\r\n                                data-aos-easing=\"ease\">\r\n                               \r\n\r\n\r\n\t\t\t\t\t\t\t <div class=\"gn-features-cards-card\">\r\n                                    <div class=\"icon\">\r\n                                       <img decoding=\"async\" src=\"  https:\/\/www.gunce.com\/wp-content\/uploads\/entegrasyonlarimiz-icon-1.svg\" alt=\"\">\r\n                                    <\/div>\r\n                                    <div class=\"title\">\r\n                                         Simplify Collaboration by Integrating All Systems\r\n                                    <\/div>\r\n                                    <div class=\"desc\">\r\n                                         Instead of logging into different platforms and remembering all the team's passwords, collect all your work on one platform.\r\n                                    <\/div>\r\n                                <\/div>\r\n                              \r\n\t\t\t  \r\n\r\n\t\t\t\t\t\t\t <div class=\"gn-features-cards-card\">\r\n                                    <div class=\"icon\">\r\n                                       <img decoding=\"async\" src=\"  https:\/\/www.gunce.com\/wp-content\/uploads\/entegrasyonlarimiz-icon-2.svg\" alt=\"\">\r\n                                    <\/div>\r\n                                    <div class=\"title\">\r\n                                         Collect the Most Current Information in G\u00dcNCE, Prevent Information Pollution\r\n                                    <\/div>\r\n                                    <div class=\"desc\">\r\n                                         Reach the correct version of information by integrating all platforms instead of different information occurring in different environments.\r\n                                    <\/div>\r\n                                <\/div>\r\n                              \r\n\t\t\t  \r\n\r\n\t\t\t\t\t\t\t <div class=\"gn-features-cards-card\">\r\n                                    <div class=\"icon\">\r\n                                       <img decoding=\"async\" src=\"  https:\/\/www.gunce.com\/wp-content\/uploads\/entegrasyonlarimiz-icon-3.svg\" alt=\"\">\r\n                                    <\/div>\r\n                                    <div class=\"title\">\r\n                                         Automatically Update Your Data, Avoid Extra Work\r\n                                    <\/div>\r\n                                    <div class=\"desc\">\r\n                                         Avoid duplicate work thanks to automatic updating of your data with integrations.\r\n                                    <\/div>\r\n                                <\/div>\r\n                              \r\n\t\t\t  \r\n                                \r\n                            <\/div>\r\n\r\n                        <\/div>\r\n                    <\/div>\r\n                <\/div>\r\n            <\/div>\r\n        <\/div>\r\n    <\/section>\r\n\t  \r\n\r\n   \n\n        <section>\n\n        <div class=\"gn-office-features-wrapper\">\n\n            <div class=\"container\">\n\n                <div class=\"custom-container section-container\">\n\n                    <div class=\"gn-office-features \">\n\n                        <div class=\"top\">\n\n                            <h3 data-aos=\"fade-up\" data-aos-delay=\"300\" data-aos-easing=\"ease\">\n\n                               Features\n\n                            <\/h3>\n\n                        <\/div>\n\n                        <div class=\"feature-cards office-cards\" data-aos=\"fade-up\" data-aos-delay=\"500\"\n\n                            data-aos-easing=\"ease\">\n\n                         \n\n                           \n\n\n\n\n\n                                \t   <div class=\"feature-cards-card\">\n\n                                <div class=\"icon\">\n\n                                      <img decoding=\"async\" src=\" https:\/\/www.gunce.com\/wp-content\/uploads\/ozellikler-icon-1.svg\" alt=\"\">\n\n                                <\/div>\n\n                                <div class=\"content\">\n\n                                    <div class=\"title\">\n\n                                        UYAP Integration\n\n                                    <\/div>\n\n                                    <div class=\"desc\">\n\n                                <ul>\n<li><span class=\"Y2IQFc\" lang=\"en\">Transfer UYAP data of all lawyers of your firm to a single platform. <\/span><\/li>\n<li><span class=\"Y2IQFc\" lang=\"en\">Case files, progress information, documents, denials, expenses, etc. Be informed immediately about the changes thanks to the warning e-mails you receive while the information is automatically transferred to G\u00dcNCE. <\/span><\/li>\n<li><span class=\"Y2IQFc\" lang=\"en\">Easily perform both bulk queries and file-specific queries using file lists.<\/span><\/li>\n<\/ul>\n\n\n                                    <\/div>\n\n                                <\/div>\n\n                            <\/div>\n\n            \n\n            \n\n\n\n\n\n                                \t   <div class=\"feature-cards-card\">\n\n                                <div class=\"icon\">\n\n                                      <img decoding=\"async\" src=\" https:\/\/www.gunce.com\/wp-content\/uploads\/ozellikler-icon-1.svg\" alt=\"\">\n\n                                <\/div>\n\n                                <div class=\"content\">\n\n                                    <div class=\"title\">\n\n                                        PTT UETS Integration\n\n                                    <\/div>\n\n                                    <div class=\"desc\">\n\n                                <ul>\n<li id=\"tw-target-text\" class=\"tw-data-text tw-text-large tw-ta\" dir=\"ltr\" data-placeholder=\"Translation\" data-ved=\"2ahUKEwjY_t2d7s6IAxUWSvEDHfeeM04Q3ewLegQIBxAU\" aria-label=\"Translated text: Automatically transfer the notifications sent to your recognized UETS account to your account, and access the notifications of the entire team from a single system. Quickly match your notification with your file in G\u00dcNCE. The entire file team is instantly notified of the forwarded notification via e-mail sent from the system, so you do not miss any notification.\"><span class=\"Y2IQFc\" lang=\"en\">Automatically transfer the notifications sent to your recognized UETS account to your account, and access the notifications of the entire team from a single system. <\/span><\/li>\n<li class=\"tw-data-text tw-text-large tw-ta\" dir=\"ltr\" data-placeholder=\"Translation\" data-ved=\"2ahUKEwjY_t2d7s6IAxUWSvEDHfeeM04Q3ewLegQIBxAU\" aria-label=\"Translated text: Automatically transfer the notifications sent to your recognized UETS account to your account, and access the notifications of the entire team from a single system. Quickly match your notification with your file in G\u00dcNCE. The entire file team is instantly notified of the forwarded notification via e-mail sent from the system, so you do not miss any notification.\"><span class=\"Y2IQFc\" lang=\"en\">Quickly match your notification with your file in G\u00dcNCE. <\/span><\/li>\n<li class=\"tw-data-text tw-text-large tw-ta\" dir=\"ltr\" data-placeholder=\"Translation\" data-ved=\"2ahUKEwjY_t2d7s6IAxUWSvEDHfeeM04Q3ewLegQIBxAU\" aria-label=\"Translated text: Automatically transfer the notifications sent to your recognized UETS account to your account, and access the notifications of the entire team from a single system. Quickly match your notification with your file in G\u00dcNCE. The entire file team is instantly notified of the forwarded notification via e-mail sent from the system, so you do not miss any notification.\"><span class=\"Y2IQFc\" lang=\"en\">The entire file team is instantly notified of the forwarded notification via e-mail sent from the system, so you do not miss any notification.<\/span><\/li>\n<\/ul>\n\n\n                                    <\/div>\n\n                                <\/div>\n\n                            <\/div>\n\n            \n\n            \n\n\n\n\n\n                                \t   <div class=\"feature-cards-card\">\n\n                                <div class=\"icon\">\n\n                                      <img decoding=\"async\" src=\" https:\/\/www.gunce.com\/wp-content\/uploads\/ozellikler-icon-1.svg\" alt=\"\">\n\n                                <\/div>\n\n                                <div class=\"content\">\n\n                                    <div class=\"title\">\n\n                                        PTT Kep Integration\n\n                                    <\/div>\n\n                                    <div class=\"desc\">\n\n                                <ul>\n<li id=\"tw-target-text\" class=\"tw-data-text tw-text-large tw-ta\" dir=\"ltr\" data-placeholder=\"Translation\" data-ved=\"2ahUKEwjY_t2d7s6IAxUWSvEDHfeeM04Q3ewLegQIBxAU\" aria-label=\"Translated text: Automatically transfer your mails sent to your KEP account that you know, and access the mails of the entire team from a single system. Quickly match your mails with your file in DAILY. The entire file team regarding the forwarded mail is instantly notified via the e-mail sent from the system, so you do not miss any KEP mail.\"><span class=\"Y2IQFc\" lang=\"en\">Automatically transfer your mails sent to your KEP account that you know, and access the mails of the entire team from a single system.<\/span><\/li>\n<li class=\"tw-data-text tw-text-large tw-ta\" dir=\"ltr\" data-placeholder=\"Translation\" data-ved=\"2ahUKEwjY_t2d7s6IAxUWSvEDHfeeM04Q3ewLegQIBxAU\" aria-label=\"Translated text: Automatically transfer your mails sent to your KEP account that you know, and access the mails of the entire team from a single system. Quickly match your mails with your file in DAILY. The entire file team regarding the forwarded mail is instantly notified via the e-mail sent from the system, so you do not miss any KEP mail.\"><span class=\"Y2IQFc\" lang=\"en\">Quickly match your mails with your file in G\u00dcNCE<\/span><span class=\"Y2IQFc\" lang=\"en\">.<\/span><\/li>\n<li class=\"tw-data-text tw-text-large tw-ta\" dir=\"ltr\" data-placeholder=\"Translation\" data-ved=\"2ahUKEwjY_t2d7s6IAxUWSvEDHfeeM04Q3ewLegQIBxAU\" aria-label=\"Translated text: Automatically transfer your mails sent to your KEP account that you know, and access the mails of the entire team from a single system. Quickly match your mails with your file in DAILY. The entire file team regarding the forwarded mail is instantly notified via the e-mail sent from the system, so you do not miss any KEP mail.\"><span class=\"Y2IQFc\" lang=\"en\">The entire file team regarding the forwarded mail is instantly notified via the e-mail sent from the system, so you do not miss any KEP mail.<\/span><\/li>\n<\/ul>\n\n\n                                    <\/div>\n\n                                <\/div>\n\n                            <\/div>\n\n            \n\n            \n\n\n\n\n\n                                \t   <div class=\"feature-cards-card\">\n\n                                <div class=\"icon\">\n\n                                      <img decoding=\"async\" src=\" https:\/\/www.gunce.com\/wp-content\/uploads\/ozellikler-icon-1.svg\" alt=\"\">\n\n                                <\/div>\n\n                                <div class=\"content\">\n\n                                    <div class=\"title\">\n\n                                        Calendar\n\n                                    <\/div>\n\n                                    <div class=\"desc\">\n\n                                <ul>\n<li id=\"tw-target-text\" class=\"tw-data-text tw-text-large tw-ta\" dir=\"ltr\" data-placeholder=\"Translation\" data-ved=\"2ahUKEwjY_t2d7s6IAxUWSvEDHfeeM04Q3ewLegQIBxAU\" aria-label=\"Translated text: Gather the calendars you keep in different places together in DAILY and prevent confusion. Make it easy for your team to check your calendar. Easily see conflicts in your calendar and stay organized.\"><span class=\"Y2IQFc\" lang=\"en\">Gather the calendars you keep in different places together in G\u00dcNCE and prevent confusion. <\/span><\/li>\n<li class=\"tw-data-text tw-text-large tw-ta\" dir=\"ltr\" data-placeholder=\"Translation\" data-ved=\"2ahUKEwjY_t2d7s6IAxUWSvEDHfeeM04Q3ewLegQIBxAU\" aria-label=\"Translated text: Gather the calendars you keep in different places together in DAILY and prevent confusion. Make it easy for your team to check your calendar. Easily see conflicts in your calendar and stay organized.\"><span class=\"Y2IQFc\" lang=\"en\">Make it easy for your team to check your calendar. <\/span><\/li>\n<li class=\"tw-data-text tw-text-large tw-ta\" dir=\"ltr\" data-placeholder=\"Translation\" data-ved=\"2ahUKEwjY_t2d7s6IAxUWSvEDHfeeM04Q3ewLegQIBxAU\" aria-label=\"Translated text: Gather the calendars you keep in different places together in DAILY and prevent confusion. Make it easy for your team to check your calendar. Easily see conflicts in your calendar and stay organized.\"><span class=\"Y2IQFc\" lang=\"en\">Easily see conflicts in your calendar and stay organized.<\/span><\/li>\n<\/ul>\n\n\n                                    <\/div>\n\n                                <\/div>\n\n                            <\/div>\n\n            \n\n            \n\n\n\n\n\n                                \t   <div class=\"feature-cards-card\">\n\n                                <div class=\"icon\">\n\n                                      <img decoding=\"async\" src=\" https:\/\/www.gunce.com\/wp-content\/uploads\/ozellikler-icon-1.svg\" alt=\"\">\n\n                                <\/div>\n\n                                <div class=\"content\">\n\n                                    <div class=\"title\">\n\n                                        E-mail\n\n                                    <\/div>\n\n                                    <div class=\"desc\">\n\n                                <ul>\n<li>Thanks to easy integration, use your own e-mail address in the e-mails you send from G\u00dcNCE.<\/li>\n<li>By creating rules, ensure that incoming e-mails are automatically processed into your files.<\/li>\n<\/ul>\n\n\n                                    <\/div>\n\n                                <\/div>\n\n                            <\/div>\n\n            \n\n            \n\n\n\n\n\n                                \t   <div class=\"feature-cards-card\">\n\n                                <div class=\"icon\">\n\n                                      <img decoding=\"async\" src=\" https:\/\/www.gunce.com\/wp-content\/uploads\/ozellikler-icon-1.svg\" alt=\"\">\n\n                                <\/div>\n\n                                <div class=\"content\">\n\n                                    <div class=\"title\">\n\n                                        Storage\n\n                                    <\/div>\n\n                                    <div class=\"desc\">\n\n                                <ul>\n<li>Easily access your files stored in Google Drive via G\u00dcNCE.<\/li>\n<\/ul>\n\n\n                                    <\/div>\n\n                                <\/div>\n\n                            <\/div>\n\n            \n\n            \n\n                        <\/div>\n\n\n\n                    <\/div>\n\n                <\/div>\n\n            <\/div>\n\n        <\/div>\n\n    <\/section>\n\n\n\n\n\n        \r\n\r\n\t[\/vc_column][\/vc_row]<\/p>\n<\/div>","protected":false},"excerpt":{"rendered":"<p>[vc_row full_width=&#8221;stretch_row_content_no_spaces&#8221;][vc_column][\/vc_column][\/vc_row]<\/p>\n","protected":false},"author":8,"featured_media":0,"parent":1408,"menu_order":0,"comment_status":"closed","ping_status":"closed","template":"page-modul-detay.php","meta":{"_acf_changed":false,"content-type":"","footnotes":""},"class_list":["post-1426","page","type-page","status-publish","hentry"],"acf":[],"yoast_head":"<!-- This site is optimized with the Yoast SEO plugin v27.5 - https:\/\/yoast.com\/product\/yoast-seo-wordpress\/ -->\n<title>Our integrations - G\u00fcnce<\/title>\n<meta name=\"description\" content=\"Explore G\u00fcnce\u2019s seamless integrations with top platforms and tools. Enhance your workflows and connect your business like never before.\" \/>\n<meta name=\"robots\" content=\"index, follow, max-snippet:-1, max-image-preview:large, max-video-preview:-1\" \/>\n<link rel=\"canonical\" href=\"https:\/\/www.gunce.com\/en\/platform\/our-integrations\/\" \/>\n<meta property=\"og:locale\" content=\"en_US\" \/>\n<meta property=\"og:type\" content=\"article\" \/>\n<meta property=\"og:title\" content=\"Our integrations - G\u00fcnce\" \/>\n<meta property=\"og:description\" content=\"Explore G\u00fcnce\u2019s seamless integrations with top platforms and tools. Enhance your workflows and connect your business like never before.\" \/>\n<meta property=\"og:url\" content=\"https:\/\/www.gunce.com\/en\/platform\/our-integrations\/\" \/>\n<meta property=\"og:site_name\" content=\"G\u00fcnce\" \/>\n<meta property=\"article:modified_time\" content=\"2025-01-15T08:43:48+00:00\" \/>\n<meta name=\"twitter:card\" content=\"summary_large_image\" \/>\n<meta name=\"twitter:label1\" content=\"Est. reading time\" \/>\n\t<meta name=\"twitter:data1\" content=\"1 minute\" \/>\n<script type=\"application\/ld+json\" class=\"yoast-schema-graph\">{\"@context\":\"https:\\\/\\\/schema.org\",\"@graph\":[{\"@type\":\"WebPage\",\"@id\":\"https:\\\/\\\/www.gunce.com\\\/en\\\/platform\\\/our-integrations\\\/\",\"url\":\"https:\\\/\\\/www.gunce.com\\\/en\\\/platform\\\/our-integrations\\\/\",\"name\":\"Our integrations - G\u00fcnce\",\"isPartOf\":{\"@id\":\"https:\\\/\\\/www.gunce.com\\\/en\\\/#website\"},\"datePublished\":\"2024-09-03T12:02:51+00:00\",\"dateModified\":\"2025-01-15T08:43:48+00:00\",\"description\":\"Explore G\u00fcnce\u2019s seamless integrations with top platforms and tools. Enhance your workflows and connect your business like never before.\",\"breadcrumb\":{\"@id\":\"https:\\\/\\\/www.gunce.com\\\/en\\\/platform\\\/our-integrations\\\/#breadcrumb\"},\"inLanguage\":\"en-US\",\"potentialAction\":[{\"@type\":\"ReadAction\",\"target\":[\"https:\\\/\\\/www.gunce.com\\\/en\\\/platform\\\/our-integrations\\\/\"]}]},{\"@type\":\"BreadcrumbList\",\"@id\":\"https:\\\/\\\/www.gunce.com\\\/en\\\/platform\\\/our-integrations\\\/#breadcrumb\",\"itemListElement\":[{\"@type\":\"ListItem\",\"position\":1,\"name\":\"Anasayfa\",\"item\":\"https:\\\/\\\/www.gunce.com\\\/en\\\/\"},{\"@type\":\"ListItem\",\"position\":2,\"name\":\"Our integrations\"}]},{\"@type\":\"WebSite\",\"@id\":\"https:\\\/\\\/www.gunce.com\\\/en\\\/#website\",\"url\":\"https:\\\/\\\/www.gunce.com\\\/en\\\/\",\"name\":\"G\u00fcnce\",\"description\":\"G\u00fcnce Dijital Hukuk Yaz\u0131l\u0131m\u0131\",\"potentialAction\":[{\"@type\":\"SearchAction\",\"target\":{\"@type\":\"EntryPoint\",\"urlTemplate\":\"https:\\\/\\\/www.gunce.com\\\/en\\\/?s={search_term_string}\"},\"query-input\":{\"@type\":\"PropertyValueSpecification\",\"valueRequired\":true,\"valueName\":\"search_term_string\"}}],\"inLanguage\":\"en-US\"}]}<\/script>\n<!-- \/ Yoast SEO plugin. -->","yoast_head_json":{"title":"Our integrations - G\u00fcnce","description":"Explore G\u00fcnce\u2019s seamless integrations with top platforms and tools. Enhance your workflows and connect your business like never before.","robots":{"index":"index","follow":"follow","max-snippet":"max-snippet:-1","max-image-preview":"max-image-preview:large","max-video-preview":"max-video-preview:-1"},"canonical":"https:\/\/www.gunce.com\/en\/platform\/our-integrations\/","og_locale":"en_US","og_type":"article","og_title":"Our integrations - G\u00fcnce","og_description":"Explore G\u00fcnce\u2019s seamless integrations with top platforms and tools. Enhance your workflows and connect your business like never before.","og_url":"https:\/\/www.gunce.com\/en\/platform\/our-integrations\/","og_site_name":"G\u00fcnce","article_modified_time":"2025-01-15T08:43:48+00:00","twitter_card":"summary_large_image","twitter_misc":{"Est. reading time":"1 minute"},"schema":{"@context":"https:\/\/schema.org","@graph":[{"@type":"WebPage","@id":"https:\/\/www.gunce.com\/en\/platform\/our-integrations\/","url":"https:\/\/www.gunce.com\/en\/platform\/our-integrations\/","name":"Our integrations - G\u00fcnce","isPartOf":{"@id":"https:\/\/www.gunce.com\/en\/#website"},"datePublished":"2024-09-03T12:02:51+00:00","dateModified":"2025-01-15T08:43:48+00:00","description":"Explore G\u00fcnce\u2019s seamless integrations with top platforms and tools. Enhance your workflows and connect your business like never before.","breadcrumb":{"@id":"https:\/\/www.gunce.com\/en\/platform\/our-integrations\/#breadcrumb"},"inLanguage":"en-US","potentialAction":[{"@type":"ReadAction","target":["https:\/\/www.gunce.com\/en\/platform\/our-integrations\/"]}]},{"@type":"BreadcrumbList","@id":"https:\/\/www.gunce.com\/en\/platform\/our-integrations\/#breadcrumb","itemListElement":[{"@type":"ListItem","position":1,"name":"Anasayfa","item":"https:\/\/www.gunce.com\/en\/"},{"@type":"ListItem","position":2,"name":"Our integrations"}]},{"@type":"WebSite","@id":"https:\/\/www.gunce.com\/en\/#website","url":"https:\/\/www.gunce.com\/en\/","name":"G\u00fcnce","description":"G\u00fcnce Dijital Hukuk Yaz\u0131l\u0131m\u0131","potentialAction":[{"@type":"SearchAction","target":{"@type":"EntryPoint","urlTemplate":"https:\/\/www.gunce.com\/en\/?s={search_term_string}"},"query-input":{"@type":"PropertyValueSpecification","valueRequired":true,"valueName":"search_term_string"}}],"inLanguage":"en-US"}]}},"_links":{"self":[{"href":"https:\/\/www.gunce.com\/en\/wp-json\/wp\/v2\/pages\/1426","targetHints":{"allow":["GET"]}}],"collection":[{"href":"https:\/\/www.gunce.com\/en\/wp-json\/wp\/v2\/pages"}],"about":[{"href":"https:\/\/www.gunce.com\/en\/wp-json\/wp\/v2\/types\/page"}],"author":[{"embeddable":true,"href":"https:\/\/www.gunce.com\/en\/wp-json\/wp\/v2\/users\/8"}],"replies":[{"embeddable":true,"href":"https:\/\/www.gunce.com\/en\/wp-json\/wp\/v2\/comments?post=1426"}],"version-history":[{"count":5,"href":"https:\/\/www.gunce.com\/en\/wp-json\/wp\/v2\/pages\/1426\/revisions"}],"predecessor-version":[{"id":2080,"href":"https:\/\/www.gunce.com\/en\/wp-json\/wp\/v2\/pages\/1426\/revisions\/2080"}],"up":[{"embeddable":true,"href":"https:\/\/www.gunce.com\/en\/wp-json\/wp\/v2\/pages\/1408"}],"wp:attachment":[{"href":"https:\/\/www.gunce.com\/en\/wp-json\/wp\/v2\/media?parent=1426"}],"curies":[{"name":"wp","href":"https:\/\/api.w.org\/{rel}","templated":true}]}}