{"id":1428,"date":"2024-09-03T12:26:33","date_gmt":"2024-09-03T12:26:33","guid":{"rendered":"https:\/\/gunce.bootests.com\/platform\/evraklarimiz\/"},"modified":"2024-12-17T07:26:12","modified_gmt":"2024-12-17T07:26:12","slug":"our-documents","status":"publish","type":"page","link":"https:\/\/www.gunce.com\/en\/platform\/our-documents\/","title":{"rendered":"Our Documents"},"content":{"rendered":"<div class=\"wpb-content-wrapper\"><p>[vc_row][vc_column]   \n\n  <section>\n\n        <div class=\"gn-office-hero-wrapper\">\n\n            <div class=\"container\">\n\n                <div class=\"custom-container section-container\">\n\n                    <div class=\"gn-office-hero relations\">\n\n                        <div class=\"left\">\n\n                            <h1 class=\"hero-badge\" data-aos=\"fade-up\" data-aos-delay=\"300\" data-aos-easing=\"ease\">\n\n                              OUR DOCUMENTS\n\n                            <\/h1>\n\n                            <h2 data-aos=\"fade-up\" data-aos-delay=\"400\" data-aos-easing=\"ease\">\n\n                                Store your documents safely and access them quickly.\n\n                            <\/h2>\n\n                            <p data-aos=\"fade-up\" data-aos-delay=\"450\" data-aos-easing=\"ease\">\n\n                                Quickly access the document you are looking for and manage it easily in a collaborative environment.\n\n                            <\/p>\n\n                            <a href=\"https:\/\/app.gunce.com\/Licence\/InsertDemoCustomer\" class=\"btn btn-gn-primary btn-hero\" data-aos=\"fade-up\" data-aos-delay=\"450\"\n\n                                data-aos-easing=\"ease\">\n\n                                Try for Free\n\n                            <\/a>\n\n                        <\/div>\n\n                        <div class=\"right\" data-aos=\"fade-left\" data-aos-delay=\"550\" data-aos-easing=\"ease\">\n\n                            <img decoding=\"async\" src=\"https:\/\/www.gunce.com\/wp-content\/uploads\/evraklarimiz-image-1-1.svg\" alt=\"\">\n\n                        <\/div>\n\n                    <\/div>\n\n                <\/div>\n\n            <\/div>\n\n        <\/div>\n\n    <\/section>\n\n\t  \r\n\r\n\t    <section>\r\n        <div class=\"gn-features-wrapper relations\">\r\n            <div class=\"section-wrapper\">\r\n                <div class=\"container\">\r\n                    <div class=\"custom-container section-container\">\r\n                        <div class=\"gn-features \">\r\n                            <div class=\"gn-features-cards relations\" data-aos=\"fade-up\" data-aos-delay=\"450\"\r\n                                data-aos-easing=\"ease\">\r\n                               \r\n\r\n\r\n\t\t\t\t\t\t\t <div class=\"gn-features-cards-card\">\r\n                                    <div class=\"icon\">\r\n                                       <img decoding=\"async\" src=\"  https:\/\/www.gunce.com\/wp-content\/uploads\/evraklarimiz-icon-1.svg\" alt=\"\">\r\n                                    <\/div>\r\n                                    <div class=\"title\">\r\n                                         Gain Speed \u200b\u200bThanks to Artificial Intelligence\r\n                                    <\/div>\r\n                                    <div class=\"desc\">\r\n                                         Fill in your registration information automatically and save time, thanks to G\u00fcnce's artificial intelligence-supported data entry.\r\n                                    <\/div>\r\n                                <\/div>\r\n                              \r\n\t\t\t  \r\n\r\n\t\t\t\t\t\t\t <div class=\"gn-features-cards-card\">\r\n                                    <div class=\"icon\">\r\n                                       <img decoding=\"async\" src=\"  https:\/\/www.gunce.com\/wp-content\/uploads\/evraklarimiz-icon-2.svg\" alt=\"\">\r\n                                    <\/div>\r\n                                    <div class=\"title\">\r\n                                         Store Safely\r\n                                    <\/div>\r\n                                    <div class=\"desc\">\r\n                                         Store your documents in a secure Diary environment instead of insecure message environments or hard-to-reach physical files.\r\n                                    <\/div>\r\n                                <\/div>\r\n                              \r\n\t\t\t  \r\n\r\n\t\t\t\t\t\t\t <div class=\"gn-features-cards-card\">\r\n                                    <div class=\"icon\">\r\n                                       <img decoding=\"async\" src=\"  https:\/\/www.gunce.com\/wp-content\/uploads\/evraklarimiz-icon-3.svg\" alt=\"\">\r\n                                    <\/div>\r\n                                    <div class=\"title\">\r\n                                         Access Your Documents Anytime, Anywhere\r\n                                    <\/div>\r\n                                    <div class=\"desc\">\r\n                                         Create a flexible working environment by allowing team members to work from different locations, remote access and document management via mobile devices.\r\n                                    <\/div>\r\n                                <\/div>\r\n                              \r\n\t\t\t  \r\n                                \r\n                            <\/div>\r\n\r\n                        <\/div>\r\n                    <\/div>\r\n                <\/div>\r\n            <\/div>\r\n        <\/div>\r\n    <\/section>\r\n\t  \r\n\r\n   \n\n        <section>\n\n        <div class=\"gn-office-features-wrapper\">\n\n            <div class=\"container\">\n\n                <div class=\"custom-container section-container\">\n\n                    <div class=\"gn-office-features \">\n\n                        <div class=\"top\">\n\n                            <h3 data-aos=\"fade-up\" data-aos-delay=\"300\" data-aos-easing=\"ease\">\n\n                               Features\n\n                            <\/h3>\n\n                        <\/div>\n\n                        <div class=\"feature-cards office-cards\" data-aos=\"fade-up\" data-aos-delay=\"500\"\n\n                            data-aos-easing=\"ease\">\n\n                         \n\n                           \n\n\n\n\n\n                                \t   <div class=\"feature-cards-card\">\n\n                                <div class=\"icon\">\n\n                                      <img decoding=\"async\" src=\" https:\/\/www.gunce.com\/wp-content\/uploads\/ozellikler-icon-1.svg\" alt=\"\">\n\n                                <\/div>\n\n                                <div class=\"content\">\n\n                                    <div class=\"title\">\n\n                                        Powers of Attorney\n\n                                    <\/div>\n\n                                    <div class=\"desc\">\n\n                                <p id=\"tw-target-text\" class=\"tw-data-text tw-text-large tw-ta\" dir=\"ltr\" data-placeholder=\"Translation\" data-ved=\"2ahUKEwjY_t2d7s6IAxUWSvEDHfeeM04Q3ewLegQIBxAU\" aria-label=\"Translated text: Archive powers of attorney in one place, easily list powers of attorney that are about to expire and ensure they are renewed on time.\"><span class=\"Y2IQFc\" lang=\"en\">Archive powers of attorney in one place, easily list powers of attorney that are about to expire and ensure they are renewed on time.<\/span><\/p>\n\n\n                                    <\/div>\n\n                                <\/div>\n\n                            <\/div>\n\n            \n\n            \n\n\n\n\n\n                                \t   <div class=\"feature-cards-card\">\n\n                                <div class=\"icon\">\n\n                                      <img decoding=\"async\" src=\" https:\/\/www.gunce.com\/wp-content\/uploads\/ozellikler-icon-1.svg\" alt=\"\">\n\n                                <\/div>\n\n                                <div class=\"content\">\n\n                                    <div class=\"title\">\n\n                                        Incoming Documents\n\n                                    <\/div>\n\n                                    <div class=\"desc\">\n\n                                <p id=\"tw-target-text\" class=\"tw-data-text tw-text-large tw-ta\" dir=\"ltr\" data-placeholder=\"Translation\" data-ved=\"2ahUKEwjY_t2d7s6IAxUWSvEDHfeeM04Q3ewLegQIBxAU\" aria-label=\"Translated text: Instead of sharing incoming documents in insecure environments, save them directly to Diary and maintain order by easily selecting the file it belongs to.\"><span class=\"Y2IQFc\" lang=\"en\">Instead of sharing incoming documents in insecure environments, save them directly to Diary and maintain order by easily selecting the file it belongs to.<\/span><\/p>\n\n\n                                    <\/div>\n\n                                <\/div>\n\n                            <\/div>\n\n            \n\n            \n\n\n\n\n\n                                \t   <div class=\"feature-cards-card\">\n\n                                <div class=\"icon\">\n\n                                      <img decoding=\"async\" src=\" https:\/\/www.gunce.com\/wp-content\/uploads\/ozellikler-icon-1.svg\" alt=\"\">\n\n                                <\/div>\n\n                                <div class=\"content\">\n\n                                    <div class=\"title\">\n\n                                        Outgoing Documents\n\n                                    <\/div>\n\n                                    <div class=\"desc\">\n\n                                <p id=\"tw-target-text\" class=\"tw-data-text tw-text-large tw-ta\" dir=\"ltr\" data-placeholder=\"Translation\" data-ved=\"2ahUKEwjY_t2d7s6IAxUWSvEDHfeeM04Q3ewLegQIBxAU\" aria-label=\"Translated text: Prevent sent documents from being lost with information such as shipping method, cargo company and delivery date.\"><span class=\"Y2IQFc\" lang=\"en\">Prevent sent documents from being lost with information such as shipping method, cargo company and delivery date.<\/span><\/p>\n\n\n                                    <\/div>\n\n                                <\/div>\n\n                            <\/div>\n\n            \n\n            \n\n\n\n\n\n                                \t   <div class=\"feature-cards-card\">\n\n                                <div class=\"icon\">\n\n                                      <img decoding=\"async\" src=\" https:\/\/www.gunce.com\/wp-content\/uploads\/ozellikler-icon-1.svg\" alt=\"\">\n\n                                <\/div>\n\n                                <div class=\"content\">\n\n                                    <div class=\"title\">\n\n                                        Internal Correspondence\n\n                                    <\/div>\n\n                                    <div class=\"desc\">\n\n                                <p><span class=\"Y2IQFc\" lang=\"en\">Prevent loss of time by keeping internal correspondence recorded and access the most up-to-date information on a single platform.<\/span><\/p>\n\n\n                                    <\/div>\n\n                                <\/div>\n\n                            <\/div>\n\n            \n\n            \n\n\n\n\n\n                                \t   <div class=\"feature-cards-card\">\n\n                                <div class=\"icon\">\n\n                                      <img decoding=\"async\" src=\" https:\/\/www.gunce.com\/wp-content\/uploads\/ozellikler-icon-1.svg\" alt=\"\">\n\n                                <\/div>\n\n                                <div class=\"content\">\n\n                                    <div class=\"title\">\n\n                                         UETS & KEP Notifications\n\n                                    <\/div>\n\n                                    <div class=\"desc\">\n\n                                <div id=\"KnM9nf\" class=\"PZPZlf\" data-attrid=\"tw-sourceArea\" data-entityname=\"Google Translate\">\n<p>Eliminate the need to enter different systems thanks to ready-made integration.<\/p>\n<\/div>\n\n\n                                    <\/div>\n\n                                <\/div>\n\n                            <\/div>\n\n            \n\n            \n\n\n\n\n\n                                \t   <div class=\"feature-cards-card\">\n\n                                <div class=\"icon\">\n\n                                      <img decoding=\"async\" src=\" https:\/\/www.gunce.com\/wp-content\/uploads\/ozellikler-icon-1.svg\" alt=\"\">\n\n                                <\/div>\n\n                                <div class=\"content\">\n\n                                    <div class=\"title\">\n\n                                        Secure Web Document Transfer\n\n                                    <\/div>\n\n                                    <div class=\"desc\">\n\n                                <p id=\"tw-target-text\" class=\"tw-data-text tw-text-large tw-ta\" dir=\"ltr\" data-placeholder=\"Translation\" data-ved=\"2ahUKEwjY_t2d7s6IAxUWSvEDHfeeM04Q3ewLegQIBxAU\" aria-label=\"Translated text: Transfer secure web documents to 3rd party products without having to open a user.\"><span class=\"Y2IQFc\" lang=\"en\">Transfer secure web documents to 3rd party products without having to open a user.<\/span><\/p>\n\n\n                                    <\/div>\n\n                                <\/div>\n\n                            <\/div>\n\n            \n\n            \n\n\n\n\n\n                                \t   <div class=\"feature-cards-card\">\n\n                                <div class=\"icon\">\n\n                                      <img decoding=\"async\" src=\" https:\/\/www.gunce.com\/wp-content\/uploads\/ozellikler-icon-1.svg\" alt=\"\">\n\n                                <\/div>\n\n                                <div class=\"content\">\n\n                                    <div class=\"title\">\n\n                                         OCR Database Management\n\n                                    <\/div>\n\n                                    <div class=\"desc\">\n\n                                <p id=\"tw-target-text\" class=\"tw-data-text tw-text-large tw-ta\" dir=\"ltr\" data-placeholder=\"Translation\" data-ved=\"2ahUKEwjY_t2d7s6IAxUWSvEDHfeeM04Q3ewLegQIBxAU\" aria-label=\"Translated text: Transfer physical documents to digital and easily perform searches with keywords.\"><span class=\"Y2IQFc\" lang=\"en\">Transfer physical documents to digital and easily perform searches with keywords.<\/span><\/p>\n\n\n                                    <\/div>\n\n                                <\/div>\n\n                            <\/div>\n\n            \n\n            \n\n\n\n\n\n                                \t   <div class=\"feature-cards-card\">\n\n                                <div class=\"icon\">\n\n                                      <img decoding=\"async\" src=\" https:\/\/www.gunce.com\/wp-content\/uploads\/ozellikler-icon-1.svg\" alt=\"\">\n\n                                <\/div>\n\n                                <div class=\"content\">\n\n                                    <div class=\"title\">\n\n                                        Templates\n\n                                    <\/div>\n\n                                    <div class=\"desc\">\n\n                                <p id=\"tw-target-text\" class=\"tw-data-text tw-text-large tw-ta\" dir=\"ltr\" data-placeholder=\"Translation\" data-ved=\"2ahUKEwjY_t2d7s6IAxUWSvEDHfeeM04Q3ewLegQIBxAU\" aria-label=\"Translated text: Standardize the documents prepared by the office and manage the work practically without the need to rewrite or copy and paste texts.\"><span class=\"Y2IQFc\" lang=\"en\">Standardize the documents prepared by the office and manage the work practically without the need to rewrite or copy and paste texts.<\/span><\/p>\n\n\n                                    <\/div>\n\n                                <\/div>\n\n                            <\/div>\n\n            \n\n            \n\n                        <\/div>\n\n\n\n                    <\/div>\n\n                <\/div>\n\n            <\/div>\n\n        <\/div>\n\n    <\/section>\n\n\n\n\n\n        \r\n\r\n\t[\/vc_column][\/vc_row]<\/p>\n<\/div>","protected":false},"excerpt":{"rendered":"<p>[vc_row][vc_column][\/vc_column][\/vc_row]<\/p>\n","protected":false},"author":8,"featured_media":0,"parent":1408,"menu_order":0,"comment_status":"closed","ping_status":"closed","template":"page-modul-detay.php","meta":{"_acf_changed":false,"content-type":"","footnotes":""},"class_list":["post-1428","page","type-page","status-publish","hentry"],"acf":[],"yoast_head":"<!-- This site is optimized with the Yoast SEO plugin v27.5 - https:\/\/yoast.com\/product\/yoast-seo-wordpress\/ -->\n<title>Our Documents - G\u00fcnce<\/title>\n<meta name=\"description\" content=\"Simplify document management with G\u00fcnce\u2019s platform. Discover how we help you organize, store, and access your essential documents efficiently.\" \/>\n<meta name=\"robots\" content=\"index, follow, max-snippet:-1, max-image-preview:large, max-video-preview:-1\" \/>\n<link rel=\"canonical\" href=\"https:\/\/www.gunce.com\/en\/platform\/our-documents\/\" \/>\n<meta property=\"og:locale\" content=\"en_US\" \/>\n<meta property=\"og:type\" content=\"article\" \/>\n<meta property=\"og:title\" content=\"Our Documents - G\u00fcnce\" \/>\n<meta property=\"og:description\" content=\"Simplify document management with G\u00fcnce\u2019s platform. Discover how we help you organize, store, and access your essential documents efficiently.\" \/>\n<meta property=\"og:url\" content=\"https:\/\/www.gunce.com\/en\/platform\/our-documents\/\" \/>\n<meta property=\"og:site_name\" content=\"G\u00fcnce\" \/>\n<meta property=\"article:modified_time\" content=\"2024-12-17T07:26:12+00:00\" \/>\n<meta name=\"twitter:card\" content=\"summary_large_image\" \/>\n<meta name=\"twitter:label1\" content=\"Est. reading time\" \/>\n\t<meta name=\"twitter:data1\" content=\"1 minute\" \/>\n<script type=\"application\/ld+json\" class=\"yoast-schema-graph\">{\"@context\":\"https:\\\/\\\/schema.org\",\"@graph\":[{\"@type\":\"WebPage\",\"@id\":\"https:\\\/\\\/www.gunce.com\\\/en\\\/platform\\\/our-documents\\\/\",\"url\":\"https:\\\/\\\/www.gunce.com\\\/en\\\/platform\\\/our-documents\\\/\",\"name\":\"Our Documents - G\u00fcnce\",\"isPartOf\":{\"@id\":\"https:\\\/\\\/www.gunce.com\\\/en\\\/#website\"},\"datePublished\":\"2024-09-03T12:26:33+00:00\",\"dateModified\":\"2024-12-17T07:26:12+00:00\",\"description\":\"Simplify document management with G\u00fcnce\u2019s platform. Discover how we help you organize, store, and access your essential documents efficiently.\",\"breadcrumb\":{\"@id\":\"https:\\\/\\\/www.gunce.com\\\/en\\\/platform\\\/our-documents\\\/#breadcrumb\"},\"inLanguage\":\"en-US\",\"potentialAction\":[{\"@type\":\"ReadAction\",\"target\":[\"https:\\\/\\\/www.gunce.com\\\/en\\\/platform\\\/our-documents\\\/\"]}]},{\"@type\":\"BreadcrumbList\",\"@id\":\"https:\\\/\\\/www.gunce.com\\\/en\\\/platform\\\/our-documents\\\/#breadcrumb\",\"itemListElement\":[{\"@type\":\"ListItem\",\"position\":1,\"name\":\"Anasayfa\",\"item\":\"https:\\\/\\\/www.gunce.com\\\/en\\\/\"},{\"@type\":\"ListItem\",\"position\":2,\"name\":\"Our Documents\"}]},{\"@type\":\"WebSite\",\"@id\":\"https:\\\/\\\/www.gunce.com\\\/en\\\/#website\",\"url\":\"https:\\\/\\\/www.gunce.com\\\/en\\\/\",\"name\":\"G\u00fcnce\",\"description\":\"G\u00fcnce Dijital Hukuk Yaz\u0131l\u0131m\u0131\",\"potentialAction\":[{\"@type\":\"SearchAction\",\"target\":{\"@type\":\"EntryPoint\",\"urlTemplate\":\"https:\\\/\\\/www.gunce.com\\\/en\\\/?s={search_term_string}\"},\"query-input\":{\"@type\":\"PropertyValueSpecification\",\"valueRequired\":true,\"valueName\":\"search_term_string\"}}],\"inLanguage\":\"en-US\"}]}<\/script>\n<!-- \/ Yoast SEO plugin. -->","yoast_head_json":{"title":"Our Documents - G\u00fcnce","description":"Simplify document management with G\u00fcnce\u2019s platform. Discover how we help you organize, store, and access your essential documents efficiently.","robots":{"index":"index","follow":"follow","max-snippet":"max-snippet:-1","max-image-preview":"max-image-preview:large","max-video-preview":"max-video-preview:-1"},"canonical":"https:\/\/www.gunce.com\/en\/platform\/our-documents\/","og_locale":"en_US","og_type":"article","og_title":"Our Documents - G\u00fcnce","og_description":"Simplify document management with G\u00fcnce\u2019s platform. Discover how we help you organize, store, and access your essential documents efficiently.","og_url":"https:\/\/www.gunce.com\/en\/platform\/our-documents\/","og_site_name":"G\u00fcnce","article_modified_time":"2024-12-17T07:26:12+00:00","twitter_card":"summary_large_image","twitter_misc":{"Est. reading time":"1 minute"},"schema":{"@context":"https:\/\/schema.org","@graph":[{"@type":"WebPage","@id":"https:\/\/www.gunce.com\/en\/platform\/our-documents\/","url":"https:\/\/www.gunce.com\/en\/platform\/our-documents\/","name":"Our Documents - G\u00fcnce","isPartOf":{"@id":"https:\/\/www.gunce.com\/en\/#website"},"datePublished":"2024-09-03T12:26:33+00:00","dateModified":"2024-12-17T07:26:12+00:00","description":"Simplify document management with G\u00fcnce\u2019s platform. Discover how we help you organize, store, and access your essential documents efficiently.","breadcrumb":{"@id":"https:\/\/www.gunce.com\/en\/platform\/our-documents\/#breadcrumb"},"inLanguage":"en-US","potentialAction":[{"@type":"ReadAction","target":["https:\/\/www.gunce.com\/en\/platform\/our-documents\/"]}]},{"@type":"BreadcrumbList","@id":"https:\/\/www.gunce.com\/en\/platform\/our-documents\/#breadcrumb","itemListElement":[{"@type":"ListItem","position":1,"name":"Anasayfa","item":"https:\/\/www.gunce.com\/en\/"},{"@type":"ListItem","position":2,"name":"Our Documents"}]},{"@type":"WebSite","@id":"https:\/\/www.gunce.com\/en\/#website","url":"https:\/\/www.gunce.com\/en\/","name":"G\u00fcnce","description":"G\u00fcnce Dijital Hukuk Yaz\u0131l\u0131m\u0131","potentialAction":[{"@type":"SearchAction","target":{"@type":"EntryPoint","urlTemplate":"https:\/\/www.gunce.com\/en\/?s={search_term_string}"},"query-input":{"@type":"PropertyValueSpecification","valueRequired":true,"valueName":"search_term_string"}}],"inLanguage":"en-US"}]}},"_links":{"self":[{"href":"https:\/\/www.gunce.com\/en\/wp-json\/wp\/v2\/pages\/1428","targetHints":{"allow":["GET"]}}],"collection":[{"href":"https:\/\/www.gunce.com\/en\/wp-json\/wp\/v2\/pages"}],"about":[{"href":"https:\/\/www.gunce.com\/en\/wp-json\/wp\/v2\/types\/page"}],"author":[{"embeddable":true,"href":"https:\/\/www.gunce.com\/en\/wp-json\/wp\/v2\/users\/8"}],"replies":[{"embeddable":true,"href":"https:\/\/www.gunce.com\/en\/wp-json\/wp\/v2\/comments?post=1428"}],"version-history":[{"count":4,"href":"https:\/\/www.gunce.com\/en\/wp-json\/wp\/v2\/pages\/1428\/revisions"}],"predecessor-version":[{"id":1618,"href":"https:\/\/www.gunce.com\/en\/wp-json\/wp\/v2\/pages\/1428\/revisions\/1618"}],"up":[{"embeddable":true,"href":"https:\/\/www.gunce.com\/en\/wp-json\/wp\/v2\/pages\/1408"}],"wp:attachment":[{"href":"https:\/\/www.gunce.com\/en\/wp-json\/wp\/v2\/media?parent=1428"}],"curies":[{"name":"wp","href":"https:\/\/api.w.org\/{rel}","templated":true}]}}