{"id":1452,"date":"2024-09-03T12:03:21","date_gmt":"2024-09-03T12:03:21","guid":{"rendered":"https:\/\/gunce.bootests.com\/platform\/raporlama\/"},"modified":"2024-12-17T07:31:32","modified_gmt":"2024-12-17T07:31:32","slug":"reporting","status":"publish","type":"page","link":"https:\/\/www.gunce.com\/en\/platform\/reporting\/","title":{"rendered":"Reporting"},"content":{"rendered":"<div class=\"wpb-content-wrapper\"><p>[vc_row][vc_column]   \n\n  <section>\n\n        <div class=\"gn-office-hero-wrapper\">\n\n            <div class=\"container\">\n\n                <div class=\"custom-container section-container\">\n\n                    <div class=\"gn-office-hero relations\">\n\n                        <div class=\"left\">\n\n                            <h1 class=\"hero-badge\" data-aos=\"fade-up\" data-aos-delay=\"300\" data-aos-easing=\"ease\">\n\n                              RAPORLARIMIZ\n\n                            <\/h1>\n\n                            <h2 data-aos=\"fade-up\" data-aos-delay=\"400\" data-aos-easing=\"ease\">\n\n                                Detayl\u0131 bilgiler i\u00e7eren raporlar\u0131n\u0131zla m\u00fcvekkil memnuniyetini art\u0131r\u0131n.\n\n                            <\/h2>\n\n                            <p data-aos=\"fade-up\" data-aos-delay=\"450\" data-aos-easing=\"ease\">\n\n                                Diledi\u011finiz t\u00fcm k\u0131r\u0131l\u0131mlara g\u00f6re haz\u0131rlanm\u0131\u015f raporlarla arad\u0131\u011f\u0131n\u0131za kolayca ula\u015f\u0131n, m\u00fcvekkil raporlar\u0131n\u0131 dakikalar i\u00e7inde haz\u0131rlay\u0131n.\n\n                            <\/p>\n\n                            <a href=\"https:\/\/app.gunce.com\/Licence\/InsertDemoCustomer\" class=\"btn btn-gn-primary btn-hero\" data-aos=\"fade-up\" data-aos-delay=\"450\"\n\n                                data-aos-easing=\"ease\">\n\n                                \u00dccretsiz Deneyin\n\n                            <\/a>\n\n                        <\/div>\n\n                        <div class=\"right\" data-aos=\"fade-left\" data-aos-delay=\"550\" data-aos-easing=\"ease\">\n\n                            <img decoding=\"async\" src=\"https:\/\/www.gunce.com\/wp-content\/uploads\/raporlama-image-1.svg\" alt=\"\">\n\n                        <\/div>\n\n                    <\/div>\n\n                <\/div>\n\n            <\/div>\n\n        <\/div>\n\n    <\/section>\n\n\t  \r\n\r\n\t    <section>\r\n        <div class=\"gn-features-wrapper relations\">\r\n            <div class=\"section-wrapper\">\r\n                <div class=\"container\">\r\n                    <div class=\"custom-container section-container\">\r\n                        <div class=\"gn-features \">\r\n                            <div class=\"gn-features-cards relations\" data-aos=\"fade-up\" data-aos-delay=\"450\"\r\n                                data-aos-easing=\"ease\">\r\n                               \r\n\r\n\r\n\t\t\t\t\t\t\t <div class=\"gn-features-cards-card\">\r\n                                    <div class=\"icon\">\r\n                                       <img decoding=\"async\" src=\"  https:\/\/www.gunce.com\/wp-content\/uploads\/raporlama-icon-1.svg\" alt=\"\">\r\n                                    <\/div>\r\n                                    <div class=\"title\">\r\n                                         Rapor Haz\u0131rlarken Vakit Kaybetmeyin\r\n                                    <\/div>\r\n                                    <div class=\"desc\">\r\n                                         Raporlar\u0131n\u0131z\u0131 G\u00dcNCE'den saniyeler i\u00e7inde istenilen formata \u00e7ekin, h\u0131zl\u0131 g\u00f6nderin, m\u00fcvekkil memnuniyetini art\u0131r\u0131n.\r\n                                    <\/div>\r\n                                <\/div>\r\n                              \r\n\t\t\t  \r\n\r\n\t\t\t\t\t\t\t <div class=\"gn-features-cards-card\">\r\n                                    <div class=\"icon\">\r\n                                       <img decoding=\"async\" src=\"  https:\/\/www.gunce.com\/wp-content\/uploads\/raporlama-icon-2.svg\" alt=\"\">\r\n                                    <\/div>\r\n                                    <div class=\"title\">\r\n                                         Do\u011fru Bilgilere Filtreler Sayesinde Ula\u015f\u0131n\r\n                                    <\/div>\r\n                                    <div class=\"desc\">\r\n                                         G\u00dcNCE'nin geli\u015fmi\u015f filtreleme se\u00e7enekleri ile en do\u011fru ve gerekli bilgileri h\u0131zl\u0131ca bulun.\r\n                                    <\/div>\r\n                                <\/div>\r\n                              \r\n\t\t\t  \r\n\r\n\t\t\t\t\t\t\t <div class=\"gn-features-cards-card\">\r\n                                    <div class=\"icon\">\r\n                                       <img decoding=\"async\" src=\"  https:\/\/www.gunce.com\/wp-content\/uploads\/raporlama-icon-3.svg\" alt=\"\">\r\n                                    <\/div>\r\n                                    <div class=\"title\">\r\n                                         Stratejinize Y\u00f6n Verin\r\n                                    <\/div>\r\n                                    <div class=\"desc\">\r\n                                         Detayl\u0131 raporlar sayesinde stratejik kararlar\u0131n\u0131z\u0131 destekleyin, b\u00fcronuzun b\u00fcy\u00fcmesine y\u00f6n verin.\r\n                                    <\/div>\r\n                                <\/div>\r\n                              \r\n\t\t\t  \r\n                                \r\n                            <\/div>\r\n\r\n                        <\/div>\r\n                    <\/div>\r\n                <\/div>\r\n            <\/div>\r\n        <\/div>\r\n    <\/section>\r\n\t  \r\n\r\n   \n\n        <section>\n\n        <div class=\"gn-office-features-wrapper\">\n\n            <div class=\"container\">\n\n                <div class=\"custom-container section-container\">\n\n                    <div class=\"gn-office-features \">\n\n                        <div class=\"top\">\n\n                            <h3 data-aos=\"fade-up\" data-aos-delay=\"300\" data-aos-easing=\"ease\">\n\n                               Features\n\n                            <\/h3>\n\n                        <\/div>\n\n                        <div class=\"feature-cards office-cards\" data-aos=\"fade-up\" data-aos-delay=\"500\"\n\n                            data-aos-easing=\"ease\">\n\n                         \n\n                           \n\n\n\n\n\n                                \t   <div class=\"feature-cards-card\">\n\n                                <div class=\"icon\">\n\n                                      <img decoding=\"async\" src=\" https:\/\/www.gunce.com\/wp-content\/uploads\/ozellikler-icon-1.svg\" alt=\"\">\n\n                                <\/div>\n\n                                <div class=\"content\">\n\n                                    <div class=\"title\">\n\n                                        Genel Raporlar\n\n                                    <\/div>\n\n                                    <div class=\"desc\">\n\n                                <ul>\n<li>Dosya, evrak, kontaklar, vekalet gibi sistemde kay\u0131tl\u0131 verileriniz i\u00e7in raporlar olu\u015fturun.<\/li>\n<li>Verilerinizi t\u00fcm detaylar\u0131na g\u00f6re filtreleyerek istedi\u011finiz rapora ula\u015f\u0131n.<\/li>\n<\/ul>\n\n\n                                    <\/div>\n\n                                <\/div>\n\n                            <\/div>\n\n            \n\n            \n\n\n\n\n\n                                \t   <div class=\"feature-cards-card\">\n\n                                <div class=\"icon\">\n\n                                      <img decoding=\"async\" src=\" https:\/\/www.gunce.com\/wp-content\/uploads\/ozellikler-icon-1.svg\" alt=\"\">\n\n                                <\/div>\n\n                                <div class=\"content\">\n\n                                    <div class=\"title\">\n\n                                        Finansal Raporlar\n\n                                    <\/div>\n\n                                    <div class=\"desc\">\n\n                                <ul>\n<li>Zaman, masraf, cari hesaplar, \u00fccret bildirimleri gibi finansal raporlar\u0131n\u0131z\u0131 sistemden otomatik olu\u015fturun.<\/li>\n<li>M\u00fc\u015fterilerinizin talep etti\u011fi raporlar\u0131 hatalara yer vermeden h\u0131zl\u0131ca g\u00f6nderin.<\/li>\n<\/ul>\n\n\n                                    <\/div>\n\n                                <\/div>\n\n                            <\/div>\n\n            \n\n            \n\n\n\n\n\n                                \t   <div class=\"feature-cards-card\">\n\n                                <div class=\"icon\">\n\n                                      <img decoding=\"async\" src=\" https:\/\/www.gunce.com\/wp-content\/uploads\/ozellikler-icon-1.svg\" alt=\"\">\n\n                                <\/div>\n\n                                <div class=\"content\">\n\n                                    <div class=\"title\">\n\n                                        IK Raporlar\u0131\n\n                                    <\/div>\n\n                                    <div class=\"desc\">\n\n                                <ul>\n<li>\u00c7al\u0131\u015fanlar\u0131n\u0131za ve muhabir avukatlara ili\u015fkin t\u00fcm verileri kolayca analiz edin.<\/li>\n<li>G\u00f6revlendirmelere ili\u015fkin durumlar\u0131 raporlarla destekleyin.<\/li>\n<\/ul>\n\n\n                                    <\/div>\n\n                                <\/div>\n\n                            <\/div>\n\n            \n\n            \n\n                        <\/div>\n\n\n\n                    <\/div>\n\n                <\/div>\n\n            <\/div>\n\n        <\/div>\n\n    <\/section>\n\n\n\n\n\n        \r\n\r\n\t[\/vc_column][\/vc_row]<\/p>\n<\/div>","protected":false},"excerpt":{"rendered":"<p>[vc_row][vc_column][\/vc_column][\/vc_row]<\/p>\n","protected":false},"author":8,"featured_media":0,"parent":1408,"menu_order":0,"comment_status":"closed","ping_status":"closed","template":"page-modul-detay.php","meta":{"_acf_changed":false,"content-type":"","footnotes":""},"class_list":["post-1452","page","type-page","status-publish","hentry"],"acf":[],"yoast_head":"<!-- This site is optimized with the Yoast SEO plugin v27.5 - https:\/\/yoast.com\/product\/yoast-seo-wordpress\/ -->\n<title>Reporting - G\u00fcnce<\/title>\n<meta name=\"description\" content=\"Discover G\u00fcnce&#039;s advanced reporting platform, providing actionable insights and detailed analytics to help your business thrive in a competitive landscape.\" \/>\n<meta name=\"robots\" content=\"index, follow, max-snippet:-1, max-image-preview:large, max-video-preview:-1\" \/>\n<link rel=\"canonical\" href=\"https:\/\/www.gunce.com\/en\/platform\/reporting\/\" \/>\n<meta property=\"og:locale\" content=\"en_US\" \/>\n<meta property=\"og:type\" content=\"article\" \/>\n<meta property=\"og:title\" content=\"Reporting - G\u00fcnce\" \/>\n<meta property=\"og:description\" content=\"Discover G\u00fcnce&#039;s advanced reporting platform, providing actionable insights and detailed analytics to help your business thrive in a competitive landscape.\" \/>\n<meta property=\"og:url\" content=\"https:\/\/www.gunce.com\/en\/platform\/reporting\/\" \/>\n<meta property=\"og:site_name\" content=\"G\u00fcnce\" \/>\n<meta property=\"article:modified_time\" content=\"2024-12-17T07:31:32+00:00\" \/>\n<meta name=\"twitter:card\" content=\"summary_large_image\" \/>\n<meta name=\"twitter:label1\" content=\"Est. reading time\" \/>\n\t<meta name=\"twitter:data1\" content=\"1 minute\" \/>\n<script type=\"application\/ld+json\" class=\"yoast-schema-graph\">{\"@context\":\"https:\\\/\\\/schema.org\",\"@graph\":[{\"@type\":\"WebPage\",\"@id\":\"https:\\\/\\\/www.gunce.com\\\/en\\\/platform\\\/reporting\\\/\",\"url\":\"https:\\\/\\\/www.gunce.com\\\/en\\\/platform\\\/reporting\\\/\",\"name\":\"Reporting - G\u00fcnce\",\"isPartOf\":{\"@id\":\"https:\\\/\\\/www.gunce.com\\\/en\\\/#website\"},\"datePublished\":\"2024-09-03T12:03:21+00:00\",\"dateModified\":\"2024-12-17T07:31:32+00:00\",\"description\":\"Discover G\u00fcnce's advanced reporting platform, providing actionable insights and detailed analytics to help your business thrive in a competitive landscape.\",\"breadcrumb\":{\"@id\":\"https:\\\/\\\/www.gunce.com\\\/en\\\/platform\\\/reporting\\\/#breadcrumb\"},\"inLanguage\":\"en-US\",\"potentialAction\":[{\"@type\":\"ReadAction\",\"target\":[\"https:\\\/\\\/www.gunce.com\\\/en\\\/platform\\\/reporting\\\/\"]}]},{\"@type\":\"BreadcrumbList\",\"@id\":\"https:\\\/\\\/www.gunce.com\\\/en\\\/platform\\\/reporting\\\/#breadcrumb\",\"itemListElement\":[{\"@type\":\"ListItem\",\"position\":1,\"name\":\"Anasayfa\",\"item\":\"https:\\\/\\\/www.gunce.com\\\/en\\\/\"},{\"@type\":\"ListItem\",\"position\":2,\"name\":\"Reporting\"}]},{\"@type\":\"WebSite\",\"@id\":\"https:\\\/\\\/www.gunce.com\\\/en\\\/#website\",\"url\":\"https:\\\/\\\/www.gunce.com\\\/en\\\/\",\"name\":\"G\u00fcnce\",\"description\":\"G\u00fcnce Dijital Hukuk Yaz\u0131l\u0131m\u0131\",\"potentialAction\":[{\"@type\":\"SearchAction\",\"target\":{\"@type\":\"EntryPoint\",\"urlTemplate\":\"https:\\\/\\\/www.gunce.com\\\/en\\\/?s={search_term_string}\"},\"query-input\":{\"@type\":\"PropertyValueSpecification\",\"valueRequired\":true,\"valueName\":\"search_term_string\"}}],\"inLanguage\":\"en-US\"}]}<\/script>\n<!-- \/ Yoast SEO plugin. -->","yoast_head_json":{"title":"Reporting - G\u00fcnce","description":"Discover G\u00fcnce's advanced reporting platform, providing actionable insights and detailed analytics to help your business thrive in a competitive landscape.","robots":{"index":"index","follow":"follow","max-snippet":"max-snippet:-1","max-image-preview":"max-image-preview:large","max-video-preview":"max-video-preview:-1"},"canonical":"https:\/\/www.gunce.com\/en\/platform\/reporting\/","og_locale":"en_US","og_type":"article","og_title":"Reporting - G\u00fcnce","og_description":"Discover G\u00fcnce's advanced reporting platform, providing actionable insights and detailed analytics to help your business thrive in a competitive landscape.","og_url":"https:\/\/www.gunce.com\/en\/platform\/reporting\/","og_site_name":"G\u00fcnce","article_modified_time":"2024-12-17T07:31:32+00:00","twitter_card":"summary_large_image","twitter_misc":{"Est. reading time":"1 minute"},"schema":{"@context":"https:\/\/schema.org","@graph":[{"@type":"WebPage","@id":"https:\/\/www.gunce.com\/en\/platform\/reporting\/","url":"https:\/\/www.gunce.com\/en\/platform\/reporting\/","name":"Reporting - G\u00fcnce","isPartOf":{"@id":"https:\/\/www.gunce.com\/en\/#website"},"datePublished":"2024-09-03T12:03:21+00:00","dateModified":"2024-12-17T07:31:32+00:00","description":"Discover G\u00fcnce's advanced reporting platform, providing actionable insights and detailed analytics to help your business thrive in a competitive landscape.","breadcrumb":{"@id":"https:\/\/www.gunce.com\/en\/platform\/reporting\/#breadcrumb"},"inLanguage":"en-US","potentialAction":[{"@type":"ReadAction","target":["https:\/\/www.gunce.com\/en\/platform\/reporting\/"]}]},{"@type":"BreadcrumbList","@id":"https:\/\/www.gunce.com\/en\/platform\/reporting\/#breadcrumb","itemListElement":[{"@type":"ListItem","position":1,"name":"Anasayfa","item":"https:\/\/www.gunce.com\/en\/"},{"@type":"ListItem","position":2,"name":"Reporting"}]},{"@type":"WebSite","@id":"https:\/\/www.gunce.com\/en\/#website","url":"https:\/\/www.gunce.com\/en\/","name":"G\u00fcnce","description":"G\u00fcnce Dijital Hukuk Yaz\u0131l\u0131m\u0131","potentialAction":[{"@type":"SearchAction","target":{"@type":"EntryPoint","urlTemplate":"https:\/\/www.gunce.com\/en\/?s={search_term_string}"},"query-input":{"@type":"PropertyValueSpecification","valueRequired":true,"valueName":"search_term_string"}}],"inLanguage":"en-US"}]}},"_links":{"self":[{"href":"https:\/\/www.gunce.com\/en\/wp-json\/wp\/v2\/pages\/1452","targetHints":{"allow":["GET"]}}],"collection":[{"href":"https:\/\/www.gunce.com\/en\/wp-json\/wp\/v2\/pages"}],"about":[{"href":"https:\/\/www.gunce.com\/en\/wp-json\/wp\/v2\/types\/page"}],"author":[{"embeddable":true,"href":"https:\/\/www.gunce.com\/en\/wp-json\/wp\/v2\/users\/8"}],"replies":[{"embeddable":true,"href":"https:\/\/www.gunce.com\/en\/wp-json\/wp\/v2\/comments?post=1452"}],"version-history":[{"count":1,"href":"https:\/\/www.gunce.com\/en\/wp-json\/wp\/v2\/pages\/1452\/revisions"}],"predecessor-version":[{"id":1453,"href":"https:\/\/www.gunce.com\/en\/wp-json\/wp\/v2\/pages\/1452\/revisions\/1453"}],"up":[{"embeddable":true,"href":"https:\/\/www.gunce.com\/en\/wp-json\/wp\/v2\/pages\/1408"}],"wp:attachment":[{"href":"https:\/\/www.gunce.com\/en\/wp-json\/wp\/v2\/media?parent=1452"}],"curies":[{"name":"wp","href":"https:\/\/api.w.org\/{rel}","templated":true}]}}